{"id":2447,"date":"2023-02-01T13:56:47","date_gmt":"2023-02-01T13:56:47","guid":{"rendered":"https:\/\/sionanobubble.com\/precisiebewerking\/"},"modified":"2024-08-05T06:37:38","modified_gmt":"2024-08-05T06:37:38","slug":"precisiebewerking","status":"publish","type":"page","link":"https:\/\/sionanobubble.com\/nl\/precisiebewerking\/","title":{"rendered":"Precisiebewerking"},"content":{"rendered":"\t\t<div data-elementor-type=\"wp-page\" data-elementor-id=\"2447\" class=\"elementor elementor-2447 elementor-803\">\n\t\t\t\t\t\t<section class=\"elementor-section elementor-top-section elementor-element elementor-element-f848039 elementor-section-full_width elementor-section-height-min-height elementor-section-height-default elementor-section-items-middle\" data-id=\"f848039\" data-element_type=\"section\" data-settings=\"{&quot;background_background&quot;:&quot;classic&quot;}\">\n\t\t\t\t\t\t\t<div class=\"elementor-background-overlay\"><\/div>\n\t\t\t\t\t\t\t<div class=\"elementor-container elementor-column-gap-default\">\n\t\t\t\t\t<div class=\"elementor-column elementor-col-100 elementor-top-column elementor-element elementor-element-ce6b7ff\" data-id=\"ce6b7ff\" data-element_type=\"column\">\n\t\t\t<div class=\"elementor-widget-wrap elementor-element-populated\">\n\t\t\t\t\t\t<div class=\"elementor-element elementor-element-5adfa6d elementor-widget elementor-widget-heading\" data-id=\"5adfa6d\" data-element_type=\"widget\" data-widget_type=\"heading.default\">\n\t\t\t\t<div class=\"elementor-widget-container\">\n\t\t\t<style>\/*! elementor - v3.22.0 - 26-06-2024 *\/\n.elementor-heading-title{padding:0;margin:0;line-height:1}.elementor-widget-heading .elementor-heading-title[class*=elementor-size-]>a{color:inherit;font-size:inherit;line-height:inherit}.elementor-widget-heading .elementor-heading-title.elementor-size-small{font-size:15px}.elementor-widget-heading .elementor-heading-title.elementor-size-medium{font-size:19px}.elementor-widget-heading .elementor-heading-title.elementor-size-large{font-size:29px}.elementor-widget-heading .elementor-heading-title.elementor-size-xl{font-size:39px}.elementor-widget-heading .elementor-heading-title.elementor-size-xxl{font-size:59px}<\/style><h1 class=\"elementor-heading-title elementor-size-default\">Precisiebewerking  <\/h1>\t\t<\/div>\n\t\t\t\t<\/div>\n\t\t\t\t<div class=\"elementor-element elementor-element-9377ba0 elementor-widget elementor-widget-heading\" data-id=\"9377ba0\" data-element_type=\"widget\" data-widget_type=\"heading.default\">\n\t\t\t\t<div class=\"elementor-widget-container\">\n\t\t\t<h4 class=\"elementor-heading-title elementor-size-default\">Hogere aanzetten en snelheden en langere standtijd  <\/h4>\t\t<\/div>\n\t\t\t\t<\/div>\n\t\t\t\t<div class=\"elementor-element elementor-element-d32dee3 elementor-widget elementor-widget-text-editor\" data-id=\"d32dee3\" data-element_type=\"widget\" data-widget_type=\"text-editor.default\">\n\t\t\t\t<div class=\"elementor-widget-container\">\n\t\t\t<style>\/*! elementor - v3.22.0 - 26-06-2024 *\/\n.elementor-widget-text-editor.elementor-drop-cap-view-stacked .elementor-drop-cap{background-color:#69727d;color:#fff}.elementor-widget-text-editor.elementor-drop-cap-view-framed .elementor-drop-cap{color:#69727d;border:3px solid;background-color:transparent}.elementor-widget-text-editor:not(.elementor-drop-cap-view-default) .elementor-drop-cap{margin-top:8px}.elementor-widget-text-editor:not(.elementor-drop-cap-view-default) .elementor-drop-cap-letter{width:1em;height:1em}.elementor-widget-text-editor .elementor-drop-cap{float:left;text-align:center;line-height:1;font-size:50px}.elementor-widget-text-editor .elementor-drop-cap-letter{display:inline-block}<\/style>\t\t\t\t<p>De SIO-nanobellentechnologie is ge\u00efnstalleerd in meer dan 2.500 machinefabrieken in heel Japan en heeft bewezen de koelende en reinigende eigenschappen van koelvloeistof voor machinale bewerking drastisch te verbeteren, de productiesnelheid te verhogen, de standtijd te verlengen en de totale productie te verbeteren.<\/p>\n\t\t\t\t\t\t<\/div>\n\t\t\t\t<\/div>\n\t\t\t\t\t<\/div>\n\t\t<\/div>\n\t\t\t\t\t<\/div>\n\t\t<\/section>\n\t\t\t\t<section class=\"elementor-section elementor-top-section elementor-element elementor-element-8ae7912 elementor-section-full_width elementor-section-height-default elementor-section-height-default\" data-id=\"8ae7912\" data-element_type=\"section\">\n\t\t\t\t\t\t<div class=\"elementor-container elementor-column-gap-default\">\n\t\t\t\t\t<div class=\"elementor-column elementor-col-100 elementor-top-column elementor-element elementor-element-9356b72\" data-id=\"9356b72\" data-element_type=\"column\">\n\t\t\t<div class=\"elementor-widget-wrap elementor-element-populated\">\n\t\t\t\t\t\t<div class=\"elementor-element elementor-element-047187e elementor-widget elementor-widget-heading\" data-id=\"047187e\" data-element_type=\"widget\" data-widget_type=\"heading.default\">\n\t\t\t\t<div class=\"elementor-widget-container\">\n\t\t\t<h2 class=\"elementor-heading-title elementor-size-default\">Voordelen<\/h2>\t\t<\/div>\n\t\t\t\t<\/div>\n\t\t\t\t<section class=\"elementor-section elementor-inner-section elementor-element elementor-element-2e09f82 elementor-section-full_width elementor-section-height-default elementor-section-height-default\" data-id=\"2e09f82\" data-element_type=\"section\">\n\t\t\t\t\t\t<div class=\"elementor-container elementor-column-gap-custom\">\n\t\t\t\t\t<div class=\"elementor-column elementor-col-33 elementor-inner-column elementor-element elementor-element-40f0c88\" data-id=\"40f0c88\" data-element_type=\"column\">\n\t\t\t<div class=\"elementor-widget-wrap elementor-element-populated\">\n\t\t\t\t\t\t<div class=\"elementor-element elementor-element-661b4e7 elementor-position-top elementor-widget elementor-widget-image-box\" data-id=\"661b4e7\" data-element_type=\"widget\" data-widget_type=\"image-box.default\">\n\t\t\t\t<div class=\"elementor-widget-container\">\n\t\t\t<style>.elementor-widget-image-box .elementor-image-box-content{width:100%}@media (min-width:768px){.elementor-widget-image-box.elementor-position-left .elementor-image-box-wrapper,.elementor-widget-image-box.elementor-position-right .elementor-image-box-wrapper{display:flex}.elementor-widget-image-box.elementor-position-right .elementor-image-box-wrapper{text-align:end;flex-direction:row-reverse}.elementor-widget-image-box.elementor-position-left .elementor-image-box-wrapper{text-align:start;flex-direction:row}.elementor-widget-image-box.elementor-position-top .elementor-image-box-img{margin:auto}.elementor-widget-image-box.elementor-vertical-align-top .elementor-image-box-wrapper{align-items:flex-start}.elementor-widget-image-box.elementor-vertical-align-middle .elementor-image-box-wrapper{align-items:center}.elementor-widget-image-box.elementor-vertical-align-bottom .elementor-image-box-wrapper{align-items:flex-end}}@media (max-width:767px){.elementor-widget-image-box .elementor-image-box-img{margin-left:auto!important;margin-right:auto!important;margin-bottom:15px}}.elementor-widget-image-box .elementor-image-box-img{display:inline-block}.elementor-widget-image-box .elementor-image-box-title a{color:inherit}.elementor-widget-image-box .elementor-image-box-wrapper{text-align:center}.elementor-widget-image-box .elementor-image-box-description{margin:0}<\/style><div class=\"elementor-image-box-wrapper\"><figure class=\"elementor-image-box-img\"><img decoding=\"async\" width=\"128\" height=\"128\" src=\"https:\/\/sionanobubble.com\/wp-content\/uploads\/2023\/02\/w1.png\" class=\"attachment-full size-full wp-image-833\" alt=\"\" \/><\/figure><div class=\"elementor-image-box-content\"><h4 class=\"elementor-image-box-title\">Verhoogde smering<\/h4><p class=\"elementor-image-box-description\">Nanobellen verlagen de oppervlaktespanning van bewerkingsvloeistoffen voor een langere levensduur, vooral bij gereedschappen met doorlopende gaten en bandzaagbladen. Laat machines sneller draaien, verkort de productietijd en verhoogt de winst<\/p><\/div><\/div>\t\t<\/div>\n\t\t\t\t<\/div>\n\t\t\t\t\t<\/div>\n\t\t<\/div>\n\t\t\t\t<div class=\"elementor-column elementor-col-33 elementor-inner-column elementor-element elementor-element-7a89297\" data-id=\"7a89297\" data-element_type=\"column\">\n\t\t\t<div class=\"elementor-widget-wrap elementor-element-populated\">\n\t\t\t\t\t\t<div class=\"elementor-element elementor-element-8d58774 elementor-position-top elementor-widget elementor-widget-image-box\" data-id=\"8d58774\" data-element_type=\"widget\" data-widget_type=\"image-box.default\">\n\t\t\t\t<div class=\"elementor-widget-container\">\n\t\t\t<div class=\"elementor-image-box-wrapper\"><figure class=\"elementor-image-box-img\"><img decoding=\"async\" width=\"128\" height=\"128\" src=\"https:\/\/sionanobubble.com\/wp-content\/uploads\/2023\/02\/w2.png\" class=\"attachment-full size-full wp-image-832\" alt=\"\" \/><\/figure><div class=\"elementor-image-box-content\"><h4 class=\"elementor-image-box-title\">Verbeterde warmteoverdracht<\/h4><p class=\"elementor-image-box-description\">Nanobellen verhogen de warmteoverdracht. Koeler gereedschap voor een langere levensduur en koeler werkstuk zodat machines op hogere snelheden kunnen draaien, waardoor de \"voeding en snelheid\" toenemen.<\/p><\/div><\/div>\t\t<\/div>\n\t\t\t\t<\/div>\n\t\t\t\t\t<\/div>\n\t\t<\/div>\n\t\t\t\t<div class=\"elementor-column elementor-col-33 elementor-inner-column elementor-element elementor-element-0f52bfa\" data-id=\"0f52bfa\" data-element_type=\"column\">\n\t\t\t<div class=\"elementor-widget-wrap elementor-element-populated\">\n\t\t\t\t\t\t<div class=\"elementor-element elementor-element-58de3a8 elementor-position-top elementor-widget elementor-widget-image-box\" data-id=\"58de3a8\" data-element_type=\"widget\" data-widget_type=\"image-box.default\">\n\t\t\t\t<div class=\"elementor-widget-container\">\n\t\t\t<div class=\"elementor-image-box-wrapper\"><figure class=\"elementor-image-box-img\"><img decoding=\"async\" width=\"128\" height=\"128\" src=\"https:\/\/sionanobubble.com\/wp-content\/uploads\/2023\/02\/w4.png\" class=\"attachment-full size-full wp-image-830\" alt=\"\" \/><\/figure><div class=\"elementor-image-box-content\"><h4 class=\"elementor-image-box-title\">Superieure schoonmaak<\/h4><p class=\"elementor-image-box-description\">Barstende bellen genereren schokgolven die verontreinigingen op oppervlakken afbreken en slib afvoeren voor schonere oppervlakken van gereedschap en werkstuk. Uitstekend geschikt voor het reinigen van onderdelen na productie.<\/p><\/div><\/div>\t\t<\/div>\n\t\t\t\t<\/div>\n\t\t\t\t\t<\/div>\n\t\t<\/div>\n\t\t\t\t\t<\/div>\n\t\t<\/section>\n\t\t\t\t<section class=\"elementor-section elementor-inner-section elementor-element elementor-element-9f23641 elementor-section-full_width elementor-section-height-default elementor-section-height-default\" data-id=\"9f23641\" data-element_type=\"section\">\n\t\t\t\t\t\t<div class=\"elementor-container elementor-column-gap-custom\">\n\t\t\t\t\t<div class=\"elementor-column elementor-col-25 elementor-inner-column elementor-element elementor-element-6dbe2c2 elementor-hidden-tablet elementor-hidden-mobile\" data-id=\"6dbe2c2\" data-element_type=\"column\">\n\t\t\t<div class=\"elementor-widget-wrap\">\n\t\t\t\t\t\t\t<\/div>\n\t\t<\/div>\n\t\t\t\t<div class=\"elementor-column elementor-col-25 elementor-inner-column elementor-element elementor-element-ba51529\" data-id=\"ba51529\" data-element_type=\"column\">\n\t\t\t<div class=\"elementor-widget-wrap elementor-element-populated\">\n\t\t\t\t\t\t<div class=\"elementor-element elementor-element-e964f80 elementor-position-top elementor-widget elementor-widget-image-box\" data-id=\"e964f80\" data-element_type=\"widget\" data-widget_type=\"image-box.default\">\n\t\t\t\t<div class=\"elementor-widget-container\">\n\t\t\t<div class=\"elementor-image-box-wrapper\"><figure class=\"elementor-image-box-img\"><img loading=\"lazy\" decoding=\"async\" width=\"128\" height=\"128\" src=\"https:\/\/sionanobubble.com\/wp-content\/uploads\/2023\/02\/w3.png\" class=\"attachment-full size-full wp-image-831\" alt=\"\" \/><\/figure><div class=\"elementor-image-box-content\"><h4 class=\"elementor-image-box-title\">Doodt bacteri\u00ebn<\/h4><p class=\"elementor-image-box-description\">Nanobellen produceren hydroxylradicalen om geurveroorzakende bacteri\u00ebn zonder chemicali\u00ebn te elimineren en voorkomt de opbouw van biofilm in leidingen. Cre\u00ebert een veiligere werkomgeving voor werknemers. Verkort de reinigingstijd.  <\/p><\/div><\/div>\t\t<\/div>\n\t\t\t\t<\/div>\n\t\t\t\t\t<\/div>\n\t\t<\/div>\n\t\t\t\t<div class=\"elementor-column elementor-col-25 elementor-inner-column elementor-element elementor-element-ba640e2\" data-id=\"ba640e2\" data-element_type=\"column\">\n\t\t\t<div class=\"elementor-widget-wrap elementor-element-populated\">\n\t\t\t\t\t\t<div class=\"elementor-element elementor-element-e098509 elementor-position-top elementor-widget elementor-widget-image-box\" data-id=\"e098509\" data-element_type=\"widget\" data-widget_type=\"image-box.default\">\n\t\t\t\t<div class=\"elementor-widget-container\">\n\t\t\t<div class=\"elementor-image-box-wrapper\"><figure class=\"elementor-image-box-img\"><img loading=\"lazy\" decoding=\"async\" width=\"128\" height=\"128\" src=\"https:\/\/sionanobubble.com\/wp-content\/uploads\/2024\/08\/Increased-Zeta-Potential-1.png\" class=\"attachment-full size-full wp-image-2943\" alt=\"\" \/><\/figure><div class=\"elementor-image-box-content\"><h4 class=\"elementor-image-box-title\">Verhoogd Zeta-potentiaal<\/h4><p class=\"elementor-image-box-description\">Nanobellen Verhoogd zeta-potentiaal trekt tegengesteld geladen slibdeeltjes aan en verzamelt ze en dringt beter door in grenslagen op tegengesteld geladen oppervlakken.<\/p><\/div><\/div>\t\t<\/div>\n\t\t\t\t<\/div>\n\t\t\t\t\t<\/div>\n\t\t<\/div>\n\t\t\t\t<div class=\"elementor-column elementor-col-25 elementor-inner-column elementor-element elementor-element-c0bd073 elementor-hidden-tablet elementor-hidden-mobile\" data-id=\"c0bd073\" data-element_type=\"column\">\n\t\t\t<div class=\"elementor-widget-wrap\">\n\t\t\t\t\t\t\t<\/div>\n\t\t<\/div>\n\t\t\t\t\t<\/div>\n\t\t<\/section>\n\t\t\t\t<div class=\"elementor-element elementor-element-a08b846 elementor-widget elementor-widget-heading\" data-id=\"a08b846\" data-element_type=\"widget\" data-widget_type=\"heading.default\">\n\t\t\t\t<div class=\"elementor-widget-container\">\n\t\t\t<h2 class=\"elementor-heading-title elementor-size-default\">Langere levensduur gereedschap  <\/h2>\t\t<\/div>\n\t\t\t\t<\/div>\n\t\t\t\t<div class=\"elementor-element elementor-element-43b1c33 elementor-widget elementor-widget-image\" data-id=\"43b1c33\" data-element_type=\"widget\" data-widget_type=\"image.default\">\n\t\t\t\t<div class=\"elementor-widget-container\">\n\t\t\t<style>\/*! elementor - v3.22.0 - 26-06-2024 *\/\n.elementor-widget-image{text-align:center}.elementor-widget-image a{display:inline-block}.elementor-widget-image a img[src$=\".svg\"]{width:48px}.elementor-widget-image img{vertical-align:middle;display:inline-block}<\/style>\t\t\t\t\t\t\t\t\t\t<img loading=\"lazy\" decoding=\"async\" width=\"1024\" height=\"334\" src=\"https:\/\/sionanobubble.com\/wp-content\/uploads\/2023\/02\/Screenshot-132-1024x334.png\" class=\"attachment-large size-large wp-image-843\" alt=\"\" srcset=\"https:\/\/sionanobubble.com\/wp-content\/uploads\/2023\/02\/Screenshot-132-1024x334.png 1024w, https:\/\/sionanobubble.com\/wp-content\/uploads\/2023\/02\/Screenshot-132-300x98.png 300w, https:\/\/sionanobubble.com\/wp-content\/uploads\/2023\/02\/Screenshot-132-768x250.png 768w, https:\/\/sionanobubble.com\/wp-content\/uploads\/2023\/02\/Screenshot-132-1536x500.png 1536w, https:\/\/sionanobubble.com\/wp-content\/uploads\/2023\/02\/Screenshot-132.png 1538w\" sizes=\"(max-width: 1024px) 100vw, 1024px\" \/>\t\t\t\t\t\t\t\t\t\t\t\t\t<\/div>\n\t\t\t\t<\/div>\n\t\t\t\t<div class=\"elementor-element elementor-element-b4c365f elementor-widget elementor-widget-image\" data-id=\"b4c365f\" data-element_type=\"widget\" data-widget_type=\"image.default\">\n\t\t\t\t<div class=\"elementor-widget-container\">\n\t\t\t\t\t\t\t\t\t\t\t\t\t<img loading=\"lazy\" decoding=\"async\" width=\"1024\" height=\"387\" src=\"https:\/\/sionanobubble.com\/wp-content\/uploads\/2023\/02\/Screenshot-134-1024x387.png\" class=\"attachment-large size-large wp-image-847\" alt=\"\" srcset=\"https:\/\/sionanobubble.com\/wp-content\/uploads\/2023\/02\/Screenshot-134-1024x387.png 1024w, https:\/\/sionanobubble.com\/wp-content\/uploads\/2023\/02\/Screenshot-134-300x113.png 300w, https:\/\/sionanobubble.com\/wp-content\/uploads\/2023\/02\/Screenshot-134-768x291.png 768w, https:\/\/sionanobubble.com\/wp-content\/uploads\/2023\/02\/Screenshot-134-1536x581.png 1536w, https:\/\/sionanobubble.com\/wp-content\/uploads\/2023\/02\/Screenshot-134.png 1541w\" sizes=\"(max-width: 1024px) 100vw, 1024px\" \/>\t\t\t\t\t\t\t\t\t\t\t\t\t<\/div>\n\t\t\t\t<\/div>\n\t\t\t\t<div class=\"elementor-element elementor-element-a64efde elementor-widget elementor-widget-heading\" data-id=\"a64efde\" data-element_type=\"widget\" data-widget_type=\"heading.default\">\n\t\t\t\t<div class=\"elementor-widget-container\">\n\t\t\t<h2 class=\"elementor-heading-title elementor-size-default\">Toevoer en snelheid verhogen<\/h2>\t\t<\/div>\n\t\t\t\t<\/div>\n\t\t\t\t<div class=\"elementor-element elementor-element-48d7396 elementor-widget elementor-widget-image\" data-id=\"48d7396\" data-element_type=\"widget\" data-widget_type=\"image.default\">\n\t\t\t\t<div class=\"elementor-widget-container\">\n\t\t\t\t\t\t\t\t\t\t\t\t\t<img loading=\"lazy\" decoding=\"async\" width=\"1024\" height=\"540\" src=\"https:\/\/sionanobubble.com\/wp-content\/uploads\/2023\/02\/Screenshot-138-1024x540.png\" class=\"attachment-large size-large wp-image-858\" alt=\"\" srcset=\"https:\/\/sionanobubble.com\/wp-content\/uploads\/2023\/02\/Screenshot-138-1024x540.png 1024w, https:\/\/sionanobubble.com\/wp-content\/uploads\/2023\/02\/Screenshot-138-300x158.png 300w, https:\/\/sionanobubble.com\/wp-content\/uploads\/2023\/02\/Screenshot-138-768x405.png 768w, https:\/\/sionanobubble.com\/wp-content\/uploads\/2023\/02\/Screenshot-138.png 1406w\" sizes=\"(max-width: 1024px) 100vw, 1024px\" \/>\t\t\t\t\t\t\t\t\t\t\t\t\t<\/div>\n\t\t\t\t<\/div>\n\t\t\t\t<div class=\"elementor-element elementor-element-a93f6e9 elementor-widget elementor-widget-image\" data-id=\"a93f6e9\" data-element_type=\"widget\" data-widget_type=\"image.default\">\n\t\t\t\t<div class=\"elementor-widget-container\">\n\t\t\t\t\t\t\t\t\t\t\t\t\t<img loading=\"lazy\" decoding=\"async\" width=\"1024\" height=\"384\" src=\"https:\/\/sionanobubble.com\/wp-content\/uploads\/2023\/02\/Screenshot-140-1024x384.png\" class=\"attachment-large size-large wp-image-862\" alt=\"\" srcset=\"https:\/\/sionanobubble.com\/wp-content\/uploads\/2023\/02\/Screenshot-140-1024x384.png 1024w, https:\/\/sionanobubble.com\/wp-content\/uploads\/2023\/02\/Screenshot-140-300x112.png 300w, https:\/\/sionanobubble.com\/wp-content\/uploads\/2023\/02\/Screenshot-140-768x288.png 768w, https:\/\/sionanobubble.com\/wp-content\/uploads\/2023\/02\/Screenshot-140.png 1468w\" sizes=\"(max-width: 1024px) 100vw, 1024px\" \/>\t\t\t\t\t\t\t\t\t\t\t\t\t<\/div>\n\t\t\t\t<\/div>\n\t\t\t\t<div class=\"elementor-element elementor-element-b704a94 elementor-widget elementor-widget-text-editor\" data-id=\"b704a94\" data-element_type=\"widget\" data-widget_type=\"text-editor.default\">\n\t\t\t\t<div class=\"elementor-widget-container\">\n\t\t\t\t\t\t\t<p>&#8211; Verspaningstijd sterk verkort door grotere snede (sterk verbeterde effici\u00ebntie)<br \/>&#8211; Verminderde schade aan de slijpschijf en slijpverlies (kostenreductie)<br \/>&#8211; Kromtrekken van het werkstuk wordt verminderd door betere warmteafvoer<\/p>\n\t\t\t\t\t\t<\/div>\n\t\t\t\t<\/div>\n\t\t\t\t<div class=\"elementor-element elementor-element-e6584dd elementor-widget elementor-widget-text-editor\" data-id=\"e6584dd\" data-element_type=\"widget\" data-widget_type=\"text-editor.default\">\n\t\t\t\t<div class=\"elementor-widget-container\">\n\t\t\t\t\t\t\tResultaten:<br> A. Zuiver water &amp; ultrasone reinigingstijd ca.: 18,40 sec<br>B. SIO-nanobbelwater &amp; ultrasone reinigingstijd ca.: 12,76 sec <strong> 30% verbetering<\/strong>\t\t\t\t\t\t<\/div>\n\t\t\t\t<\/div>\n\t\t\t\t\t<\/div>\n\t\t<\/div>\n\t\t\t\t\t<\/div>\n\t\t<\/section>\n\t\t\t\t<\/div>\n\t\t","protected":false},"excerpt":{"rendered":"<p>Precisiebewerking Hogere aanzetten en snelheden en langere standtijd De SIO-nanobellentechnologie is ge\u00efnstalleerd in meer dan 2.500 machinefabrieken in heel Japan en heeft bewezen de koelende en reinigende eigenschappen van koelvloeistof voor machinale bewerking drastisch te verbeteren, de productiesnelheid te verhogen, de standtijd te verlengen en de totale productie te verbeteren. Voordelen Verhoogde smering Nanobellen verlagen&#8230;<\/p>\n","protected":false},"author":1,"featured_media":0,"parent":0,"menu_order":0,"comment_status":"closed","ping_status":"closed","template":"elementor_header_footer","meta":{"inline_featured_image":false,"_kad_post_transparent":"","_kad_post_title":"","_kad_post_layout":"","_kad_post_sidebar_id":"","_kad_post_content_style":"","_kad_post_vertical_padding":"","_kad_post_feature":"","_kad_post_feature_position":"","_kad_post_header":false,"_kad_post_footer":false,"footnotes":""},"class_list":["post-2447","page","type-page","status-publish","hentry"],"_links":{"self":[{"href":"https:\/\/sionanobubble.com\/nl\/wp-json\/wp\/v2\/pages\/2447","targetHints":{"allow":["GET"]}}],"collection":[{"href":"https:\/\/sionanobubble.com\/nl\/wp-json\/wp\/v2\/pages"}],"about":[{"href":"https:\/\/sionanobubble.com\/nl\/wp-json\/wp\/v2\/types\/page"}],"author":[{"embeddable":true,"href":"https:\/\/sionanobubble.com\/nl\/wp-json\/wp\/v2\/users\/1"}],"replies":[{"embeddable":true,"href":"https:\/\/sionanobubble.com\/nl\/wp-json\/wp\/v2\/comments?post=2447"}],"version-history":[{"count":7,"href":"https:\/\/sionanobubble.com\/nl\/wp-json\/wp\/v2\/pages\/2447\/revisions"}],"predecessor-version":[{"id":2979,"href":"https:\/\/sionanobubble.com\/nl\/wp-json\/wp\/v2\/pages\/2447\/revisions\/2979"}],"wp:attachment":[{"href":"https:\/\/sionanobubble.com\/nl\/wp-json\/wp\/v2\/media?parent=2447"}],"curies":[{"name":"wp","href":"https:\/\/api.w.org\/{rel}","templated":true}]}}