{"id":2424,"date":"2023-01-26T06:21:01","date_gmt":"2023-01-26T06:21:01","guid":{"rendered":"https:\/\/sionanobubble.com\/politica-de-privacidad\/"},"modified":"2024-03-29T02:17:54","modified_gmt":"2024-03-29T02:17:54","slug":"politica-de-privacidad","status":"publish","type":"page","link":"https:\/\/sionanobubble.com\/es\/politica-de-privacidad\/","title":{"rendered":"Pol\u00edtica de privacidad"},"content":{"rendered":"\n<p>Lea atentamente esta pol\u00edtica de privacidad (la &#8220;Pol\u00edtica de Privacidad&#8221;) para entender c\u00f3mo SIO USA, su empresa afiliada, sucesores y cesionarios (colectivamente, &#8220;SIO USA&#8221;, &#8220;nuestro&#8221;, &#8220;nos&#8221; o &#8220;nosotros&#8221;) utiliza y protege la informaci\u00f3n que recopilamos de los visitantes de http:\/\/sionanobubble.com y los usuarios del portal SIO USA y las integraciones del sistema y los complementos de extensi\u00f3n (colectivamente, los &#8220;Usuarios&#8221;).<br\/><br\/>Esta Pol\u00edtica de Privacidad describe nuestras pol\u00edticas y procedimientos sobre la recogida, uso y divulgaci\u00f3n de su informaci\u00f3n cuando utiliza el Servicio y le informa sobre sus derechos de privacidad y c\u00f3mo le protege la ley.<\/p>\n\n<p>Utilizamos sus datos personales para prestar y mejorar el Servicio. Al utilizar el Servicio, usted acepta la recopilaci\u00f3n y el uso de la informaci\u00f3n de acuerdo con esta Pol\u00edtica de privacidad.<\/p>\n\n<h3 class=\"wp-block-heading\"><strong>Recogida y uso de la informaci\u00f3n<\/strong><\/h3>\n\n<p>Para una mejor experiencia al utilizar nuestro Servicio, podemos pedirle que nos proporcione cierta informaci\u00f3n personal identificable, incluyendo pero no limitado a su nombre, n\u00famero de tel\u00e9fono y direcci\u00f3n postal. La informaci\u00f3n que recopilemos se utilizar\u00e1 para ponernos en contacto con usted o identificarle.<\/p>\n\n<h3 class=\"wp-block-heading\"><strong>Datos de registro<\/strong><\/h3>\n\n<p>Los datos de registro se recopilan autom\u00e1ticamente al utilizar el Servicio. Los datos de registro pueden incluir informaci\u00f3n como la direcci\u00f3n de protocolo de Internet de su dispositivo (por ejemplo, la direcci\u00f3n IP), el tipo de navegador, la versi\u00f3n del navegador, las p\u00e1ginas de nuestro servicio que visita, la hora y la fecha de su visita, el tiempo empleado en esas p\u00e1ginas, identificadores \u00fanicos de dispositivos y otros datos de diagn\u00f3stico.<\/p>\n\n<p>Cuando usted accede al Servicio por o a trav\u00e9s de un dispositivo m\u00f3vil, podemos recopilar cierta informaci\u00f3n autom\u00e1ticamente, incluyendo, pero no limitado a, el tipo de dispositivo m\u00f3vil que utiliza, su ID \u00fanico de dispositivo m\u00f3vil, la direcci\u00f3n IP de su dispositivo m\u00f3vil, su sistema operativo m\u00f3vil, el tipo de navegador de Internet m\u00f3vil que utiliza, identificadores \u00fanicos de dispositivo y otros datos de diagn\u00f3stico.<\/p>\n\n<p>Tambi\u00e9n podemos recopilar informaci\u00f3n que su navegador env\u00eda cada vez que visita nuestro Servicio o cuando accede al Servicio por o a trav\u00e9s de un dispositivo m\u00f3vil.<\/p>\n\n<h3 class=\"wp-block-heading\"><strong>Cookies<\/strong><\/h3>\n\n<p>Las cookies son archivos con una peque\u00f1a cantidad de datos que se utilizan habitualmente como identificador \u00fanico an\u00f3nimo. Se env\u00edan a su navegador desde el sitio web que visita y se almacenan en el disco duro de su ordenador. Nuestro sitio web utiliza estas &#8220;Cookies&#8221; para recopilar informaci\u00f3n y mejorar nuestro servicio. Usted tiene la opci\u00f3n de aceptar o rechazar estas Cookies y saber cu\u00e1ndo se env\u00eda una Cookie a su ordenador. Si decide rechazar nuestras Cookies, es posible que no pueda utilizar algunas partes de nuestro Servicio.<\/p>\n\n<h3 class=\"wp-block-heading\"><strong>Proveedores de servicios<\/strong><\/h3>\n\n<p>Podemos contratar a terceras empresas y particulares por los motivos que se exponen a continuaci\u00f3n:<\/p>\n\n<ul class=\"wp-block-list\">\n<li>Para facilitar nuestro Servicio;<\/li>\n\n\n\n<li>Para prestar el Servicio en nuestro nombre;<\/li>\n\n\n\n<li>Para prestar servicios relacionados con el Servicio; o<\/li>\n\n\n\n<li>Para ayudarnos a analizar c\u00f3mo se utiliza nuestro Servicio.<\/li>\n<\/ul>\n\n<p>Queremos informar a los usuarios de nuestros Servicios de que estos terceros tienen acceso a sus Datos Personales. El motivo es realizar las tareas que se les asignan en nuestro nombre. Sin embargo, est\u00e1n obligados a no divulgar ni utilizar la informaci\u00f3n para ning\u00fan otro fin.<\/p>\n\n<h3 class=\"wp-block-heading\"><strong>Conservaci\u00f3n de sus datos personales<\/strong><\/h3>\n\n<p>La Empresa conservar\u00e1 sus Datos Personales s\u00f3lo durante el tiempo que sea necesario para los fines establecidos en la presente Pol\u00edtica de Privacidad. Conservaremos y utilizaremos sus Datos Personales en la medida necesaria para cumplir nuestras obligaciones legales (por ejemplo, si estamos obligados a conservar sus datos para cumplir la legislaci\u00f3n aplicable), resolver litigios y hacer cumplir nuestros acuerdos legales y pol\u00edticas.<\/p>\n\n<p>La Empresa tambi\u00e9n conservar\u00e1 los Datos de Registro con fines de an\u00e1lisis interno. Por lo general, los Datos de Registro se conservan durante un per\u00edodo de tiempo m\u00e1s corto, excepto cuando estos datos se utilizan para reforzar la seguridad o mejorar la funcionalidad de nuestro Servicio, o cuando estamos legalmente obligados a conservar estos datos durante per\u00edodos de tiempo m\u00e1s largos.<\/p>\n\n<h3 class=\"wp-block-heading\"><strong>Transferencia de sus datos personales<\/strong><\/h3>\n\n<p>Su informaci\u00f3n, incluidos los Datos Personales, se procesa en las oficinas operativas de la Empresa y en cualquier otro lugar donde se encuentren las partes implicadas en el procesamiento. Esto significa que esta informaci\u00f3n puede transferirse a ordenadores situados fuera de su estado, provincia, pa\u00eds u otra jurisdicci\u00f3n gubernamental en la que las leyes de protecci\u00f3n de datos puedan diferir de las de su jurisdicci\u00f3n.<\/p>\n\n<p>Su consentimiento a esta Pol\u00edtica de Privacidad seguido de su env\u00edo de dicha informaci\u00f3n representa su acuerdo a dicha transferencia.<\/p>\n\n<p>La Empresa tomar\u00e1 todas las medidas razonablemente necesarias para garantizar que sus datos sean tratados de forma segura y de acuerdo con esta Pol\u00edtica de Privacidad y no se realizar\u00e1 ninguna transferencia de sus Datos Personales a una organizaci\u00f3n o pa\u00eds a menos que existan controles adecuados que incluyan la seguridad de sus datos y otra informaci\u00f3n personal.<\/p>\n\n<h3 class=\"wp-block-heading\"><strong>Borrar sus datos personales<\/strong><\/h3>\n\n<p>Puede ponerse en contacto con nosotros para corregir o eliminar cualquier informaci\u00f3n personal que nos haya proporcionado.<\/p>\n\n<p>No obstante, tenga en cuenta que es posible que necesitemos conservar determinada informaci\u00f3n cuando tengamos una obligaci\u00f3n legal o una base jur\u00eddica para hacerlo.<\/p>\n\n<h3 class=\"wp-block-heading\"><strong>Divulgaci\u00f3n de sus datos personales<\/strong><\/h3>\n\n<p>Operaciones comerciales<br\/>Si la Empresa participa en una fusi\u00f3n, adquisici\u00f3n o venta de activos, sus Datos Personales podr\u00e1n ser transferidos. Le avisaremos antes de que sus Datos Personales sean transferidos y pasen a estar sujetos a una Pol\u00edtica de Privacidad diferente.<\/p>\n\n<p>Cumplimiento de la ley<br\/>En determinadas circunstancias, la Empresa puede verse obligada a revelar sus Datos Personales si as\u00ed se lo exige la ley o en respuesta a solicitudes v\u00e1lidas de las autoridades p\u00fablicas (por ejemplo, un tribunal o una agencia gubernamental).<\/p>\n\n<p>Otros requisitos legales<br\/>La Empresa podr\u00e1 revelar sus Datos Personales en la creencia de buena fe de que dicha acci\u00f3n es necesaria para:<\/p>\n\n<ul class=\"wp-block-list\">\n<li>Cumplir una obligaci\u00f3n legal.<\/li>\n\n\n\n<li>Proteger y defender los derechos o la propiedad de la empresa.<\/li>\n\n\n\n<li>Prevenir o investigar posibles irregularidades en relaci\u00f3n con el Servicio.<\/li>\n\n\n\n<li>Proteger la seguridad personal de los usuarios del Servicio o del p\u00fablico.<\/li>\n\n\n\n<li>Protegerse frente a la responsabilidad legal.<\/li>\n<\/ul>\n\n<h3 class=\"wp-block-heading\"><strong>Seguridad de sus datos personales<\/strong><\/h3>\n\n<p>La seguridad de sus Datos Personales es importante para nosotros, pero recuerde que ning\u00fan m\u00e9todo de transmisi\u00f3n por Internet o de almacenamiento electr\u00f3nico es seguro al 100%. Aunque nos esforzamos por utilizar medios comercialmente aceptables para proteger sus Datos Personales, no podemos garantizar su seguridad absoluta.<\/p>\n\n<h3 class=\"wp-block-heading\"><strong>Enlaces a otros sitios web<\/strong><\/h3>\n\n<p>Nuestro Servicio puede contener enlaces a otros sitios web que no son operados por nosotros. Si hace clic en un enlace de terceros, ser\u00e1 dirigido al sitio web de ese tercero. Le recomendamos encarecidamente que revise la pol\u00edtica de privacidad de cada sitio que visite.<\/p>\n\n<p>No tenemos ning\u00fan control ni asumimos ninguna responsabilidad por el contenido, las pol\u00edticas de privacidad o las pr\u00e1cticas de los sitios o servicios de terceros.<\/p>\n\n<h3 class=\"wp-block-heading\"><strong>Privacidad infantil<\/strong><\/h3>\n\n<p>Nuestros Servicios no est\u00e1n dirigidos a menores de 13 a\u00f1os. No recopilamos conscientemente informaci\u00f3n personal identificable de ni\u00f1os menores de 13 a\u00f1os. En caso de que descubramos que un menor de 13 a\u00f1os nos ha proporcionado informaci\u00f3n personal, la eliminaremos inmediatamente de nuestros servidores. Si usted es padre o tutor y tiene conocimiento de que su hijo nos ha proporcionado informaci\u00f3n personal, p\u00f3ngase en contacto con nosotros para que podamos tomar las medidas necesarias.<\/p>\n\n<h3 class=\"wp-block-heading\"><strong>Cambios en esta pol\u00edtica de privacidad<\/strong><\/h3>\n\n<p>Podemos actualizar nuestra Pol\u00edtica de Privacidad de vez en cuando. Por ello, le aconsejamos que revise peri\u00f3dicamente esta p\u00e1gina para comprobar si se han producido cambios. Le notificaremos cualquier cambio publicando la nueva Pol\u00edtica de Privacidad en esta p\u00e1gina. Estos cambios entrar\u00e1n en vigor inmediatamente despu\u00e9s de su publicaci\u00f3n en esta p\u00e1gina.<\/p>\n\n<h3 class=\"wp-block-heading\"><strong>P\u00f3ngase en contacto con nosotros<\/strong><\/h3>\n\n<p>Si tiene alguna pregunta sobre esta Pol\u00edtica de privacidad, puede ponerse en contacto con nosotros:<\/p>\n\n<ul class=\"wp-block-list\">\n<li>Por correo electr\u00f3nico: info@sionanobubble.com<\/li>\n<\/ul>\n","protected":false},"excerpt":{"rendered":"<p>Lea atentamente esta pol\u00edtica de privacidad (la &#8220;Pol\u00edtica de Privacidad&#8221;) para entender c\u00f3mo SIO USA, su empresa afiliada, sucesores y cesionarios (colectivamente, &#8220;SIO USA&#8221;, &#8220;nuestro&#8221;, &#8220;nos&#8221; o &#8220;nosotros&#8221;) utiliza y protege la informaci\u00f3n que recopilamos de los visitantes de http:\/\/sionanobubble.com y los usuarios del portal SIO USA y las integraciones del sistema y los complementos&#8230;<\/p>\n","protected":false},"author":1,"featured_media":0,"parent":0,"menu_order":0,"comment_status":"closed","ping_status":"closed","template":"","meta":{"inline_featured_image":false,"_kad_post_transparent":"","_kad_post_title":"","_kad_post_layout":"","_kad_post_sidebar_id":"","_kad_post_content_style":"","_kad_post_vertical_padding":"","_kad_post_feature":"","_kad_post_feature_position":"","_kad_post_header":false,"_kad_post_footer":false,"footnotes":""},"class_list":["post-2424","page","type-page","status-publish","hentry"],"_links":{"self":[{"href":"https:\/\/sionanobubble.com\/es\/wp-json\/wp\/v2\/pages\/2424","targetHints":{"allow":["GET"]}}],"collection":[{"href":"https:\/\/sionanobubble.com\/es\/wp-json\/wp\/v2\/pages"}],"about":[{"href":"https:\/\/sionanobubble.com\/es\/wp-json\/wp\/v2\/types\/page"}],"author":[{"embeddable":true,"href":"https:\/\/sionanobubble.com\/es\/wp-json\/wp\/v2\/users\/1"}],"replies":[{"embeddable":true,"href":"https:\/\/sionanobubble.com\/es\/wp-json\/wp\/v2\/comments?post=2424"}],"version-history":[{"count":1,"href":"https:\/\/sionanobubble.com\/es\/wp-json\/wp\/v2\/pages\/2424\/revisions"}],"predecessor-version":[{"id":2428,"href":"https:\/\/sionanobubble.com\/es\/wp-json\/wp\/v2\/pages\/2424\/revisions\/2428"}],"wp:attachment":[{"href":"https:\/\/sionanobubble.com\/es\/wp-json\/wp\/v2\/media?parent=2424"}],"curies":[{"name":"wp","href":"https:\/\/api.w.org\/{rel}","templated":true}]}}