{"id":2416,"date":"2023-01-30T11:20:33","date_gmt":"2023-01-30T11:20:33","guid":{"rendered":"https:\/\/sionanobubble.com\/quienes-somos\/"},"modified":"2025-04-30T14:34:27","modified_gmt":"2025-04-30T14:34:27","slug":"quienes-somos","status":"publish","type":"page","link":"https:\/\/sionanobubble.com\/es\/quienes-somos\/","title":{"rendered":"Qui\u00e9nes somos"},"content":{"rendered":"\t\t<div data-elementor-type=\"wp-page\" data-elementor-id=\"2416\" class=\"elementor elementor-2416 elementor-177\">\n\t\t\t\t\t\t<section class=\"elementor-section elementor-top-section elementor-element elementor-element-5fcf008 elementor-section-full_width elementor-section-height-default elementor-section-height-default\" data-id=\"5fcf008\" data-element_type=\"section\" data-settings=\"{&quot;background_background&quot;:&quot;classic&quot;}\">\n\t\t\t\t\t\t<div class=\"elementor-container elementor-column-gap-default\">\n\t\t\t\t\t<div class=\"elementor-column elementor-col-100 elementor-top-column elementor-element elementor-element-5d3328c\" data-id=\"5d3328c\" data-element_type=\"column\">\n\t\t\t<div class=\"elementor-widget-wrap elementor-element-populated\">\n\t\t\t\t\t\t<section class=\"elementor-section elementor-inner-section elementor-element elementor-element-f10303e animated-slow elementor-section-boxed elementor-section-height-default elementor-section-height-default elementor-invisible\" data-id=\"f10303e\" data-element_type=\"section\" data-settings=\"{&quot;animation&quot;:&quot;fadeIn&quot;}\">\n\t\t\t\t\t\t<div class=\"elementor-container elementor-column-gap-default\">\n\t\t\t\t\t<div class=\"elementor-column elementor-col-100 elementor-inner-column elementor-element elementor-element-a15ade1\" data-id=\"a15ade1\" data-element_type=\"column\" data-settings=\"{&quot;background_background&quot;:&quot;classic&quot;}\">\n\t\t\t<div class=\"elementor-widget-wrap elementor-element-populated\">\n\t\t\t\t\t\t<div class=\"elementor-element elementor-element-97db598 elementor-widget elementor-widget-heading\" data-id=\"97db598\" data-element_type=\"widget\" data-widget_type=\"heading.default\">\n\t\t\t\t<div class=\"elementor-widget-container\">\n\t\t\t<style>\/*! elementor - v3.22.0 - 26-06-2024 *\/\n.elementor-heading-title{padding:0;margin:0;line-height:1}.elementor-widget-heading .elementor-heading-title[class*=elementor-size-]>a{color:inherit;font-size:inherit;line-height:inherit}.elementor-widget-heading .elementor-heading-title.elementor-size-small{font-size:15px}.elementor-widget-heading .elementor-heading-title.elementor-size-medium{font-size:19px}.elementor-widget-heading .elementor-heading-title.elementor-size-large{font-size:29px}.elementor-widget-heading .elementor-heading-title.elementor-size-xl{font-size:39px}.elementor-widget-heading .elementor-heading-title.elementor-size-xxl{font-size:59px}<\/style><h2 class=\"elementor-heading-title elementor-size-default\">Qui\u00e9nes somos<\/h2>\t\t<\/div>\n\t\t\t\t<\/div>\n\t\t\t\t\t<\/div>\n\t\t<\/div>\n\t\t\t\t\t<\/div>\n\t\t<\/section>\n\t\t\t\t\t<\/div>\n\t\t<\/div>\n\t\t\t\t\t<\/div>\n\t\t<\/section>\n\t\t\t\t<section class=\"elementor-section elementor-top-section elementor-element elementor-element-324e2408 elementor-section-full_width elementor-section-height-default elementor-section-height-default\" data-id=\"324e2408\" data-element_type=\"section\">\n\t\t\t\t\t\t<div class=\"elementor-container elementor-column-gap-default\">\n\t\t\t\t\t<div class=\"elementor-column elementor-col-100 elementor-top-column elementor-element elementor-element-5e2b88c elementor-invisible\" data-id=\"5e2b88c\" data-element_type=\"column\" data-settings=\"{&quot;animation&quot;:&quot;fadeIn&quot;}\">\n\t\t\t<div class=\"elementor-widget-wrap elementor-element-populated\">\n\t\t\t\t\t\t<section class=\"elementor-section elementor-inner-section elementor-element elementor-element-2b661486 animated-slow elementor-section-full_width elementor-section-height-default elementor-section-height-default elementor-invisible\" data-id=\"2b661486\" data-element_type=\"section\" data-settings=\"{&quot;background_background&quot;:&quot;classic&quot;,&quot;animation&quot;:&quot;fadeIn&quot;,&quot;animation_delay&quot;:200}\">\n\t\t\t\t\t\t<div class=\"elementor-container elementor-column-gap-default\">\n\t\t\t\t\t<div class=\"elementor-column elementor-col-100 elementor-inner-column elementor-element elementor-element-635c1e66\" data-id=\"635c1e66\" data-element_type=\"column\" data-settings=\"{&quot;background_background&quot;:&quot;classic&quot;}\">\n\t\t\t<div class=\"elementor-widget-wrap elementor-element-populated\">\n\t\t\t\t\t\t<div class=\"elementor-element elementor-element-36f86e25 elementor-widget elementor-widget-heading\" data-id=\"36f86e25\" data-element_type=\"widget\" data-widget_type=\"heading.default\">\n\t\t\t\t<div class=\"elementor-widget-container\">\n\t\t\t<h2 class=\"elementor-heading-title elementor-size-default\">Qui\u00e9nes somos  <\/h2>\t\t<\/div>\n\t\t\t\t<\/div>\n\t\t\t\t<div class=\"elementor-element elementor-element-11bd5d64 elementor-widget elementor-widget-text-editor\" data-id=\"11bd5d64\" data-element_type=\"widget\" data-widget_type=\"text-editor.default\">\n\t\t\t\t<div class=\"elementor-widget-container\">\n\t\t\t<style>\/*! elementor - v3.22.0 - 26-06-2024 *\/\n.elementor-widget-text-editor.elementor-drop-cap-view-stacked .elementor-drop-cap{background-color:#69727d;color:#fff}.elementor-widget-text-editor.elementor-drop-cap-view-framed .elementor-drop-cap{color:#69727d;border:3px solid;background-color:transparent}.elementor-widget-text-editor:not(.elementor-drop-cap-view-default) .elementor-drop-cap{margin-top:8px}.elementor-widget-text-editor:not(.elementor-drop-cap-view-default) .elementor-drop-cap-letter{width:1em;height:1em}.elementor-widget-text-editor .elementor-drop-cap{float:left;text-align:center;line-height:1;font-size:50px}.elementor-widget-text-editor .elementor-drop-cap-letter{display:inline-block}<\/style>\t\t\t\t<p>SIO es una empresa innovadora de fabricaci\u00f3n y concesi\u00f3n de licencias tecnol\u00f3gicas especializada en el desarrollo y uso de la tecnolog\u00eda de nanoburbujas para ofrecer soluciones sostenibles que permitan a las industrias aumentar la producci\u00f3n, reducir los costes energ\u00e9ticos y disminuir el uso de productos qu\u00edmicos sin da\u00f1ar el medio ambiente.<\/p>\n\t\t\t\t\t\t<\/div>\n\t\t\t\t<\/div>\n\t\t\t\t<div class=\"elementor-element elementor-element-4e671cb2 elementor-align-center elementor-widget elementor-widget-button\" data-id=\"4e671cb2\" data-element_type=\"widget\" data-widget_type=\"button.default\">\n\t\t\t\t<div class=\"elementor-widget-container\">\n\t\t\t\t\t<div class=\"elementor-button-wrapper\">\n\t\t\t<a class=\"elementor-button elementor-button-link elementor-size-sm\" href=\"https:\/\/sionanobubble.com\/es\/pongase-en-contacto-con\/\">\n\t\t\t\t\t\t<span class=\"elementor-button-content-wrapper\">\n\t\t\t\t\t\t\t\t\t<span class=\"elementor-button-text\">Comenzar<\/span>\n\t\t\t\t\t<\/span>\n\t\t\t\t\t<\/a>\n\t\t<\/div>\n\t\t\t\t<\/div>\n\t\t\t\t<\/div>\n\t\t\t\t\t<\/div>\n\t\t<\/div>\n\t\t\t\t\t<\/div>\n\t\t<\/section>\n\t\t\t\t\t<\/div>\n\t\t<\/div>\n\t\t\t\t\t<\/div>\n\t\t<\/section>\n\t\t\t\t<section class=\"elementor-section elementor-top-section elementor-element elementor-element-4741281 elementor-section-full_width elementor-section-height-default elementor-section-height-default\" data-id=\"4741281\" data-element_type=\"section\" data-settings=\"{&quot;background_background&quot;:&quot;classic&quot;}\">\n\t\t\t\t\t\t<div class=\"elementor-container elementor-column-gap-default\">\n\t\t\t\t\t<div class=\"elementor-column elementor-col-100 elementor-top-column elementor-element elementor-element-ad4c6a4\" data-id=\"ad4c6a4\" data-element_type=\"column\">\n\t\t\t<div class=\"elementor-widget-wrap elementor-element-populated\">\n\t\t\t\t\t\t<div class=\"elementor-element elementor-element-73478d3 elementor-widget elementor-widget-heading\" data-id=\"73478d3\" data-element_type=\"widget\" data-widget_type=\"heading.default\">\n\t\t\t\t<div class=\"elementor-widget-container\">\n\t\t\t<h2 class=\"elementor-heading-title elementor-size-default\">Liderazgo<\/h2>\t\t<\/div>\n\t\t\t\t<\/div>\n\t\t\t\t<section class=\"elementor-section elementor-inner-section elementor-element elementor-element-50e3891 elementor-section-full_width elementor-section-height-default elementor-section-height-default\" data-id=\"50e3891\" data-element_type=\"section\">\n\t\t\t\t\t\t<div class=\"elementor-container elementor-column-gap-custom\">\n\t\t\t\t\t<div class=\"elementor-column elementor-col-50 elementor-inner-column elementor-element elementor-element-f4a025a\" data-id=\"f4a025a\" data-element_type=\"column\">\n\t\t\t<div class=\"elementor-widget-wrap elementor-element-populated\">\n\t\t\t\t\t\t<div class=\"elementor-element elementor-element-cd5bf7d elementor-widget elementor-widget-image\" data-id=\"cd5bf7d\" data-element_type=\"widget\" data-widget_type=\"image.default\">\n\t\t\t\t<div class=\"elementor-widget-container\">\n\t\t\t<style>\/*! elementor - v3.22.0 - 26-06-2024 *\/\n.elementor-widget-image{text-align:center}.elementor-widget-image a{display:inline-block}.elementor-widget-image a img[src$=\".svg\"]{width:48px}.elementor-widget-image img{vertical-align:middle;display:inline-block}<\/style>\t\t\t\t\t\t\t\t\t\t<img fetchpriority=\"high\" decoding=\"async\" width=\"364\" height=\"438\" src=\"https:\/\/sionanobubble.com\/wp-content\/uploads\/2023\/08\/Al-Lang.png\" class=\"attachment-full size-full wp-image-1354\" alt=\"\" srcset=\"https:\/\/sionanobubble.com\/wp-content\/uploads\/2023\/08\/Al-Lang.png 364w, https:\/\/sionanobubble.com\/wp-content\/uploads\/2023\/08\/Al-Lang-249x300.png 249w\" sizes=\"(max-width: 364px) 100vw, 364px\" \/>\t\t\t\t\t\t\t\t\t\t\t\t\t<\/div>\n\t\t\t\t<\/div>\n\t\t\t\t<div class=\"elementor-element elementor-element-5aa03a7 elementor-widget elementor-widget-heading\" data-id=\"5aa03a7\" data-element_type=\"widget\" data-widget_type=\"heading.default\">\n\t\t\t\t<div class=\"elementor-widget-container\">\n\t\t\t<h3 class=\"elementor-heading-title elementor-size-default\">Al Lang<\/h3>\t\t<\/div>\n\t\t\t\t<\/div>\n\t\t\t\t<div class=\"elementor-element elementor-element-74b4fad elementor-widget elementor-widget-text-editor\" data-id=\"74b4fad\" data-element_type=\"widget\" data-widget_type=\"text-editor.default\">\n\t\t\t\t<div class=\"elementor-widget-container\">\n\t\t\t\t\t\t\t<p>Al Lang es Consejero Delegado de SIO USA y empresario de \u00e9xito en serie en una variada red de sectores. Aporta al equipo m\u00e1s de 50 a\u00f1os de experiencia en gesti\u00f3n empresarial, operaciones, fabricaci\u00f3n y desarrollo de negocios.<\/p>\n<p>El Sr. Lang es tambi\u00e9n el fundador de una empresa de mezclas y fabricaci\u00f3n de productos qu\u00edmicos especializados que lleva m\u00e1s de 30 a\u00f1os ofreciendo soluciones sostenibles a empresas multinacionales de los sectores de la automoci\u00f3n, aeroespacial y residencial.<\/p>\n\t\t\t\t\t\t<\/div>\n\t\t\t\t<\/div>\n\t\t\t\t\t<\/div>\n\t\t<\/div>\n\t\t\t\t<div class=\"elementor-column elementor-col-50 elementor-inner-column elementor-element elementor-element-60191bb\" data-id=\"60191bb\" data-element_type=\"column\">\n\t\t\t<div class=\"elementor-widget-wrap elementor-element-populated\">\n\t\t\t\t\t\t<div class=\"elementor-element elementor-element-5eaffa0 elementor-widget elementor-widget-image\" data-id=\"5eaffa0\" data-element_type=\"widget\" data-widget_type=\"image.default\">\n\t\t\t\t<div class=\"elementor-widget-container\">\n\t\t\t\t\t\t\t\t\t\t\t\t\t<img decoding=\"async\" width=\"120\" height=\"149\" src=\"https:\/\/sionanobubble.com\/wp-content\/uploads\/2023\/08\/Mark-Nagano.png\" class=\"attachment-full size-full wp-image-1345\" alt=\"\" \/>\t\t\t\t\t\t\t\t\t\t\t\t\t<\/div>\n\t\t\t\t<\/div>\n\t\t\t\t<div class=\"elementor-element elementor-element-92191eb elementor-widget elementor-widget-heading\" data-id=\"92191eb\" data-element_type=\"widget\" data-widget_type=\"heading.default\">\n\t\t\t\t<div class=\"elementor-widget-container\">\n\t\t\t<h3 class=\"elementor-heading-title elementor-size-default\">Mark Nagano<\/h3>\t\t<\/div>\n\t\t\t\t<\/div>\n\t\t\t\t<div class=\"elementor-element elementor-element-c25529f elementor-widget elementor-widget-text-editor\" data-id=\"c25529f\" data-element_type=\"widget\" data-widget_type=\"text-editor.default\">\n\t\t\t\t<div class=\"elementor-widget-container\">\n\t\t\t\t\t\t\t<p>Mark Nagano cuenta con m\u00e1s de 35 a\u00f1os de \u00e9xitos en el sector de las ciencias medioambientales, incluidos puestos de alta direcci\u00f3n en ventas y operaciones. Es el actual Director Financiero de SIO USA y se encarga del liderazgo, la gesti\u00f3n, el desarrollo tecnol\u00f3gico y la planificaci\u00f3n estrat\u00e9gica.<\/p>\n<p>Antes de incorporarse a SIO USA, el Sr. Nagano trabaj\u00f3 25 a\u00f1os como Director de Desarrollo Internacional de Negocio y Tecnolog\u00eda de Tech Corporation, Ltd., una empresa japonesa l\u00edder en Ciencia y Tecnolog\u00eda Medioambiental. Tech Corporation fue pionera en el desarrollo y la comercializaci\u00f3n del agua electrolizada, los biodigestores de residuos alimentarios y la tecnolog\u00eda de nanoburbujas, por la que recibi\u00f3 numerosas patentes.<\/p>\n\t\t\t\t\t\t<\/div>\n\t\t\t\t<\/div>\n\t\t\t\t\t<\/div>\n\t\t<\/div>\n\t\t\t\t\t<\/div>\n\t\t<\/section>\n\t\t\t\t<div class=\"elementor-element elementor-element-f47cd9f elementor-widget elementor-widget-heading\" data-id=\"f47cd9f\" data-element_type=\"widget\" data-widget_type=\"heading.default\">\n\t\t\t\t<div class=\"elementor-widget-container\">\n\t\t\t<h2 class=\"elementor-heading-title elementor-size-default\">Consejo Cient\u00edfico Asesor<\/h2>\t\t<\/div>\n\t\t\t\t<\/div>\n\t\t\t\t<section class=\"elementor-section elementor-inner-section elementor-element elementor-element-fcce868 elementor-section-full_width elementor-section-height-default elementor-section-height-default\" data-id=\"fcce868\" data-element_type=\"section\">\n\t\t\t\t\t\t<div class=\"elementor-container elementor-column-gap-custom\">\n\t\t\t\t\t<div class=\"elementor-column elementor-col-50 elementor-inner-column elementor-element elementor-element-ceb21fe\" data-id=\"ceb21fe\" data-element_type=\"column\">\n\t\t\t<div class=\"elementor-widget-wrap elementor-element-populated\">\n\t\t\t\t\t\t<div class=\"elementor-element elementor-element-6fd322b elementor-widget elementor-widget-image\" data-id=\"6fd322b\" data-element_type=\"widget\" data-widget_type=\"image.default\">\n\t\t\t\t<div class=\"elementor-widget-container\">\n\t\t\t\t\t\t\t\t\t\t\t\t\t<img decoding=\"async\" width=\"269\" height=\"303\" src=\"https:\/\/sionanobubble.com\/wp-content\/uploads\/2023\/08\/Ovissipour.jpg\" class=\"attachment-full size-full wp-image-1285\" alt=\"\" srcset=\"https:\/\/sionanobubble.com\/wp-content\/uploads\/2023\/08\/Ovissipour.jpg 269w, https:\/\/sionanobubble.com\/wp-content\/uploads\/2023\/08\/Ovissipour-266x300.jpg 266w\" sizes=\"(max-width: 269px) 100vw, 269px\" \/>\t\t\t\t\t\t\t\t\t\t\t\t\t<\/div>\n\t\t\t\t<\/div>\n\t\t\t\t<div class=\"elementor-element elementor-element-cb1d244 elementor-widget elementor-widget-heading\" data-id=\"cb1d244\" data-element_type=\"widget\" data-widget_type=\"heading.default\">\n\t\t\t\t<div class=\"elementor-widget-container\">\n\t\t\t<h3 class=\"elementor-heading-title elementor-size-default\">Dr. Ovissipour<\/h3>\t\t<\/div>\n\t\t\t\t<\/div>\n\t\t\t\t<div class=\"elementor-element elementor-element-562397e elementor-widget elementor-widget-text-editor\" data-id=\"562397e\" data-element_type=\"widget\" data-widget_type=\"text-editor.default\">\n\t\t\t\t<div class=\"elementor-widget-container\">\n\t\t\t\t\t\t\t<p>El Dr. Ovissipour es profesor adjunto del Departamento de Ciencia y Tecnolog\u00eda de los Alimentos de la Universidad A&amp;M de Texas. Es Doctor en Bioprocesamiento y Doctor en Ingenier\u00eda de Sistemas Biol\u00f3gicos por la Universidad Estatal de Washington. Su programa se centra en los sistemas sostenibles de producci\u00f3n de alimentos y el desarrollo de tecnolog\u00edas novedosas para mejorar la seguridad alimentaria y la inocuidad de los alimentos, reduciendo al mismo tiempo la huella de carbono. Trabaja en prote\u00ednas alternativas, agricultura celular e ingenier\u00eda de seguridad alimentaria.<\/p>\n\t\t\t\t\t\t<\/div>\n\t\t\t\t<\/div>\n\t\t\t\t\t<\/div>\n\t\t<\/div>\n\t\t\t\t<div class=\"elementor-column elementor-col-50 elementor-inner-column elementor-element elementor-element-f833ed8\" data-id=\"f833ed8\" data-element_type=\"column\">\n\t\t\t<div class=\"elementor-widget-wrap elementor-element-populated\">\n\t\t\t\t\t\t<div class=\"elementor-element elementor-element-575ffb5 elementor-widget elementor-widget-image\" data-id=\"575ffb5\" data-element_type=\"widget\" data-widget_type=\"image.default\">\n\t\t\t\t<div class=\"elementor-widget-container\">\n\t\t\t\t\t\t\t\t\t\t\t\t\t<img loading=\"lazy\" decoding=\"async\" width=\"606\" height=\"645\" src=\"https:\/\/sionanobubble.com\/wp-content\/uploads\/2023\/12\/Ankit-Agarwal.jpg\" class=\"attachment-full size-full wp-image-1501\" alt=\"\" srcset=\"https:\/\/sionanobubble.com\/wp-content\/uploads\/2023\/12\/Ankit-Agarwal.jpg 606w, https:\/\/sionanobubble.com\/wp-content\/uploads\/2023\/12\/Ankit-Agarwal-282x300.jpg 282w\" sizes=\"(max-width: 606px) 100vw, 606px\" \/>\t\t\t\t\t\t\t\t\t\t\t\t\t<\/div>\n\t\t\t\t<\/div>\n\t\t\t\t<div class=\"elementor-element elementor-element-c90f2a6 elementor-widget elementor-widget-heading\" data-id=\"c90f2a6\" data-element_type=\"widget\" data-widget_type=\"heading.default\">\n\t\t\t\t<div class=\"elementor-widget-container\">\n\t\t\t<h3 class=\"elementor-heading-title elementor-size-default\">Ankit Agarwal<\/h3>\t\t<\/div>\n\t\t\t\t<\/div>\n\t\t\t\t<div class=\"elementor-element elementor-element-47eaa7c elementor-widget elementor-widget-text-editor\" data-id=\"47eaa7c\" data-element_type=\"widget\" data-widget_type=\"text-editor.default\">\n\t\t\t\t<div class=\"elementor-widget-container\">\n\t\t\t\t\t\t\t<p>Ankit Agarwal es becario posdoctoral del Departamento de Ingenier\u00eda de Automoci\u00f3n del Centro Internacional de Investigaci\u00f3n de Automoci\u00f3n de la Universidad de Clemson (CUICAR). Se doctor\u00f3 en Ingenier\u00eda Mec\u00e1nica en el Instituto Indio de Tecnolog\u00eda de Jodhpur, Rajast\u00e1n (India). Sus investigaciones se centran en el avance del mecanizado de materiales m\u00e1s nuevos, la combinaci\u00f3n de herramientas inform\u00e1ticas con conocimientos humanos para la toma de decisiones eficaces en la fabricaci\u00f3n y la integraci\u00f3n ontol\u00f3gica de los procesos de dise\u00f1o y fabricaci\u00f3n. Actualmente trabaja en el an\u00e1lisis y la supervisi\u00f3n del desgaste de las herramientas en el mecanizado de superaleaciones con base de n\u00edquel (NBSA) y en la creaci\u00f3n de una plataforma de dise\u00f1o como servicio (DaaS) para peque\u00f1as y medianas empresas (PYME).<\/p>\n\t\t\t\t\t\t<\/div>\n\t\t\t\t<\/div>\n\t\t\t\t\t<\/div>\n\t\t<\/div>\n\t\t\t\t\t<\/div>\n\t\t<\/section>\n\t\t\t\t\t<\/div>\n\t\t<\/div>\n\t\t\t\t\t<\/div>\n\t\t<\/section>\n\t\t\t\t<section class=\"elementor-section elementor-top-section elementor-element elementor-element-7c46efd5 elementor-section-full_width elementor-section-height-min-height elementor-section-height-default elementor-section-items-middle\" data-id=\"7c46efd5\" data-element_type=\"section\" data-settings=\"{&quot;background_background&quot;:&quot;slideshow&quot;,&quot;background_slideshow_gallery&quot;:[{&quot;id&quot;:3102,&quot;url&quot;:&quot;https:\\\/\\\/sionanobubble.com\\\/wp-content\\\/uploads\\\/2025\\\/04\\\/iStock-1410614344.jpg&quot;},{&quot;id&quot;:1431,&quot;url&quot;:&quot;https:\\\/\\\/sionanobubble.com\\\/wp-content\\\/uploads\\\/2023\\\/09\\\/About-Carousel-Image-2.png&quot;},{&quot;id&quot;:3106,&quot;url&quot;:&quot;https:\\\/\\\/sionanobubble.com\\\/wp-content\\\/uploads\\\/2025\\\/04\\\/iStock-1713234867.jpg&quot;}],&quot;background_slideshow_loop&quot;:&quot;yes&quot;,&quot;background_slideshow_slide_duration&quot;:5000,&quot;background_slideshow_slide_transition&quot;:&quot;fade&quot;,&quot;background_slideshow_transition_duration&quot;:500}\">\n\t\t\t\t\t\t<div class=\"elementor-container elementor-column-gap-default\">\n\t\t\t\t\t<div class=\"elementor-column elementor-col-100 elementor-top-column elementor-element elementor-element-4f7ba06f\" data-id=\"4f7ba06f\" data-element_type=\"column\">\n\t\t\t<div class=\"elementor-widget-wrap\">\n\t\t\t\t\t\t\t<\/div>\n\t\t<\/div>\n\t\t\t\t\t<\/div>\n\t\t<\/section>\n\t\t\t\t<\/div>\n\t\t","protected":false},"excerpt":{"rendered":"<p>Qui\u00e9nes somos Qui\u00e9nes somos SIO es una empresa innovadora de fabricaci\u00f3n y concesi\u00f3n de licencias tecnol\u00f3gicas especializada en el desarrollo y uso de la tecnolog\u00eda de nanoburbujas para ofrecer soluciones sostenibles que permitan a las industrias aumentar la producci\u00f3n, reducir los costes energ\u00e9ticos y disminuir el uso de productos qu\u00edmicos sin da\u00f1ar el medio ambiente&#8230;.<\/p>\n","protected":false},"author":1,"featured_media":0,"parent":0,"menu_order":0,"comment_status":"closed","ping_status":"closed","template":"elementor_header_footer","meta":{"inline_featured_image":false,"_kad_post_transparent":"","_kad_post_title":"","_kad_post_layout":"","_kad_post_sidebar_id":"","_kad_post_content_style":"","_kad_post_vertical_padding":"","_kad_post_feature":"","_kad_post_feature_position":"","_kad_post_header":false,"_kad_post_footer":false,"footnotes":""},"class_list":["post-2416","page","type-page","status-publish","hentry"],"_links":{"self":[{"href":"https:\/\/sionanobubble.com\/es\/wp-json\/wp\/v2\/pages\/2416","targetHints":{"allow":["GET"]}}],"collection":[{"href":"https:\/\/sionanobubble.com\/es\/wp-json\/wp\/v2\/pages"}],"about":[{"href":"https:\/\/sionanobubble.com\/es\/wp-json\/wp\/v2\/types\/page"}],"author":[{"embeddable":true,"href":"https:\/\/sionanobubble.com\/es\/wp-json\/wp\/v2\/users\/1"}],"replies":[{"embeddable":true,"href":"https:\/\/sionanobubble.com\/es\/wp-json\/wp\/v2\/comments?post=2416"}],"version-history":[{"count":3,"href":"https:\/\/sionanobubble.com\/es\/wp-json\/wp\/v2\/pages\/2416\/revisions"}],"predecessor-version":[{"id":3114,"href":"https:\/\/sionanobubble.com\/es\/wp-json\/wp\/v2\/pages\/2416\/revisions\/3114"}],"wp:attachment":[{"href":"https:\/\/sionanobubble.com\/es\/wp-json\/wp\/v2\/media?parent=2416"}],"curies":[{"name":"wp","href":"https:\/\/api.w.org\/{rel}","templated":true}]}}