{"id":2899,"date":"2024-08-04T12:23:56","date_gmt":"2024-08-04T12:23:56","guid":{"rendered":"https:\/\/sionanobubble.com\/halbleiter\/"},"modified":"2025-02-26T04:34:37","modified_gmt":"2025-02-26T04:34:37","slug":"halbleiter","status":"publish","type":"page","link":"https:\/\/sionanobubble.com\/de\/halbleiter\/","title":{"rendered":"Halbleiter"},"content":{"rendered":"\t\t<div data-elementor-type=\"wp-page\" data-elementor-id=\"2899\" class=\"elementor elementor-2899 elementor-2896\">\n\t\t\t\t\t\t<section class=\"elementor-section elementor-top-section elementor-element elementor-element-8f586aa elementor-section-full_width elementor-section-height-min-height elementor-section-height-default elementor-section-items-middle\" data-id=\"8f586aa\" data-element_type=\"section\" data-settings=\"{&quot;background_background&quot;:&quot;classic&quot;}\">\n\t\t\t\t\t\t<div class=\"elementor-container elementor-column-gap-default\">\n\t\t\t\t\t<div class=\"elementor-column elementor-col-100 elementor-top-column elementor-element elementor-element-296da77\" data-id=\"296da77\" data-element_type=\"column\">\n\t\t\t<div class=\"elementor-widget-wrap elementor-element-populated\">\n\t\t\t\t\t\t<div class=\"elementor-element elementor-element-d06166e elementor-widget elementor-widget-heading\" data-id=\"d06166e\" data-element_type=\"widget\" data-widget_type=\"heading.default\">\n\t\t\t\t<div class=\"elementor-widget-container\">\n\t\t\t<style>\/*! elementor - v3.22.0 - 26-06-2024 *\/\n.elementor-heading-title{padding:0;margin:0;line-height:1}.elementor-widget-heading .elementor-heading-title[class*=elementor-size-]>a{color:inherit;font-size:inherit;line-height:inherit}.elementor-widget-heading .elementor-heading-title.elementor-size-small{font-size:15px}.elementor-widget-heading .elementor-heading-title.elementor-size-medium{font-size:19px}.elementor-widget-heading .elementor-heading-title.elementor-size-large{font-size:29px}.elementor-widget-heading .elementor-heading-title.elementor-size-xl{font-size:39px}.elementor-widget-heading .elementor-heading-title.elementor-size-xxl{font-size:59px}<\/style><h1 class=\"elementor-heading-title elementor-size-default\">Halbleiter<\/h1>\t\t<\/div>\n\t\t\t\t<\/div>\n\t\t\t\t<div class=\"elementor-element elementor-element-4e2e4d6 elementor-widget elementor-widget-heading\" data-id=\"4e2e4d6\" data-element_type=\"widget\" data-widget_type=\"heading.default\">\n\t\t\t\t<div class=\"elementor-widget-container\">\n\t\t\t<h4 class=\"elementor-heading-title elementor-size-default\">Erh\u00f6hte Reinigung, Schmierf\u00e4higkeit und Lebensdauer der Werkzeuge<\/h4>\t\t<\/div>\n\t\t\t\t<\/div>\n\t\t\t\t<div class=\"elementor-element elementor-element-fd1a88c elementor-widget__width-initial elementor-widget elementor-widget-text-editor\" data-id=\"fd1a88c\" data-element_type=\"widget\" data-widget_type=\"text-editor.default\">\n\t\t\t\t<div class=\"elementor-widget-container\">\n\t\t\t<style>\/*! elementor - v3.22.0 - 26-06-2024 *\/\n.elementor-widget-text-editor.elementor-drop-cap-view-stacked .elementor-drop-cap{background-color:#69727d;color:#fff}.elementor-widget-text-editor.elementor-drop-cap-view-framed .elementor-drop-cap{color:#69727d;border:3px solid;background-color:transparent}.elementor-widget-text-editor:not(.elementor-drop-cap-view-default) .elementor-drop-cap{margin-top:8px}.elementor-widget-text-editor:not(.elementor-drop-cap-view-default) .elementor-drop-cap-letter{width:1em;height:1em}.elementor-widget-text-editor .elementor-drop-cap{float:left;text-align:center;line-height:1;font-size:50px}.elementor-widget-text-editor .elementor-drop-cap-letter{display:inline-block}<\/style>\t\t\t\t<p>Die einzigartigen Eigenschaften der SIO-Nanoblasen sorgen f\u00fcr hervorragende Reinigungseigenschaften bei gleichzeitiger Reduzierung von Ausbr\u00fcchen, Verl\u00e4ngerung der Werkzeuglebensdauer und Verbesserung der allgemeinen Produktionsqualit\u00e4t.<\/p>\n\t\t\t\t\t\t<\/div>\n\t\t\t\t<\/div>\n\t\t\t\t<div class=\"elementor-element elementor-element-2a3d9b3 elementor-widget elementor-widget-heading\" data-id=\"2a3d9b3\" data-element_type=\"widget\" data-widget_type=\"heading.default\">\n\t\t\t\t<div class=\"elementor-widget-container\">\n\t\t\t<h5 class=\"elementor-heading-title elementor-size-default\">MITGLIED<\/h5>\t\t<\/div>\n\t\t\t\t<\/div>\n\t\t\t\t<div class=\"elementor-element elementor-element-928e0ff elementor-widget__width-auto elementor-widget elementor-widget-image\" data-id=\"928e0ff\" data-element_type=\"widget\" data-widget_type=\"image.default\">\n\t\t\t\t<div class=\"elementor-widget-container\">\n\t\t\t<style>\/*! elementor - v3.22.0 - 26-06-2024 *\/\n.elementor-widget-image{text-align:center}.elementor-widget-image a{display:inline-block}.elementor-widget-image a img[src$=\".svg\"]{width:48px}.elementor-widget-image img{vertical-align:middle;display:inline-block}<\/style>\t\t\t\t\t\t\t\t\t\t<img fetchpriority=\"high\" decoding=\"async\" width=\"1024\" height=\"423\" src=\"https:\/\/sionanobubble.com\/wp-content\/uploads\/2025\/02\/NSTC-Logo-Stack-WhiteSky_4x-1024x423.png\" class=\"attachment-large size-large wp-image-3035\" alt=\"\" srcset=\"https:\/\/sionanobubble.com\/wp-content\/uploads\/2025\/02\/NSTC-Logo-Stack-WhiteSky_4x-1024x423.png 1024w, https:\/\/sionanobubble.com\/wp-content\/uploads\/2025\/02\/NSTC-Logo-Stack-WhiteSky_4x-300x124.png 300w, https:\/\/sionanobubble.com\/wp-content\/uploads\/2025\/02\/NSTC-Logo-Stack-WhiteSky_4x-768x317.png 768w, https:\/\/sionanobubble.com\/wp-content\/uploads\/2025\/02\/NSTC-Logo-Stack-WhiteSky_4x.png 1075w\" sizes=\"(max-width: 1024px) 100vw, 1024px\" \/>\t\t\t\t\t\t\t\t\t\t\t\t\t<\/div>\n\t\t\t\t<\/div>\n\t\t\t\t<div class=\"elementor-element elementor-element-c32385b elementor-widget__width-auto elementor-widget elementor-widget-image\" data-id=\"c32385b\" data-element_type=\"widget\" data-widget_type=\"image.default\">\n\t\t\t\t<div class=\"elementor-widget-container\">\n\t\t\t\t\t\t\t\t\t\t\t\t\t<img decoding=\"async\" width=\"582\" height=\"731\" src=\"https:\/\/sionanobubble.com\/wp-content\/uploads\/2025\/02\/NSTC-Badge-100-Core-Member.png\" class=\"attachment-large size-large wp-image-3058\" alt=\"\" srcset=\"https:\/\/sionanobubble.com\/wp-content\/uploads\/2025\/02\/NSTC-Badge-100-Core-Member.png 582w, https:\/\/sionanobubble.com\/wp-content\/uploads\/2025\/02\/NSTC-Badge-100-Core-Member-239x300.png 239w\" sizes=\"(max-width: 582px) 100vw, 582px\" \/>\t\t\t\t\t\t\t\t\t\t\t\t\t<\/div>\n\t\t\t\t<\/div>\n\t\t\t\t\t<\/div>\n\t\t<\/div>\n\t\t\t\t\t<\/div>\n\t\t<\/section>\n\t\t\t\t<section class=\"elementor-section elementor-top-section elementor-element elementor-element-f1498d2 elementor-section-full_width elementor-section-height-default elementor-section-height-default\" data-id=\"f1498d2\" data-element_type=\"section\">\n\t\t\t\t\t\t<div class=\"elementor-container elementor-column-gap-default\">\n\t\t\t\t\t<div class=\"elementor-column elementor-col-100 elementor-top-column elementor-element elementor-element-d198eb7\" data-id=\"d198eb7\" data-element_type=\"column\">\n\t\t\t<div class=\"elementor-widget-wrap elementor-element-populated\">\n\t\t\t\t\t\t<div class=\"elementor-element elementor-element-a2a01d9 elementor-widget elementor-widget-heading\" data-id=\"a2a01d9\" data-element_type=\"widget\" data-widget_type=\"heading.default\">\n\t\t\t\t<div class=\"elementor-widget-container\">\n\t\t\t<h2 class=\"elementor-heading-title elementor-size-default\">Vorteile<\/h2>\t\t<\/div>\n\t\t\t\t<\/div>\n\t\t\t\t<section class=\"elementor-section elementor-inner-section elementor-element elementor-element-eb6bcf9 elementor-section-full_width elementor-section-height-default elementor-section-height-default\" data-id=\"eb6bcf9\" data-element_type=\"section\">\n\t\t\t\t\t\t<div class=\"elementor-container elementor-column-gap-custom\">\n\t\t\t\t\t<div class=\"elementor-column elementor-col-33 elementor-inner-column elementor-element elementor-element-b087bbc\" data-id=\"b087bbc\" data-element_type=\"column\">\n\t\t\t<div class=\"elementor-widget-wrap elementor-element-populated\">\n\t\t\t\t\t\t<div class=\"elementor-element elementor-element-a3d134c elementor-position-top elementor-widget elementor-widget-image-box\" data-id=\"a3d134c\" data-element_type=\"widget\" data-widget_type=\"image-box.default\">\n\t\t\t\t<div class=\"elementor-widget-container\">\n\t\t\t<style>.elementor-widget-image-box .elementor-image-box-content{width:100%}@media (min-width:768px){.elementor-widget-image-box.elementor-position-left .elementor-image-box-wrapper,.elementor-widget-image-box.elementor-position-right .elementor-image-box-wrapper{display:flex}.elementor-widget-image-box.elementor-position-right .elementor-image-box-wrapper{text-align:end;flex-direction:row-reverse}.elementor-widget-image-box.elementor-position-left .elementor-image-box-wrapper{text-align:start;flex-direction:row}.elementor-widget-image-box.elementor-position-top .elementor-image-box-img{margin:auto}.elementor-widget-image-box.elementor-vertical-align-top .elementor-image-box-wrapper{align-items:flex-start}.elementor-widget-image-box.elementor-vertical-align-middle .elementor-image-box-wrapper{align-items:center}.elementor-widget-image-box.elementor-vertical-align-bottom .elementor-image-box-wrapper{align-items:flex-end}}@media (max-width:767px){.elementor-widget-image-box .elementor-image-box-img{margin-left:auto!important;margin-right:auto!important;margin-bottom:15px}}.elementor-widget-image-box .elementor-image-box-img{display:inline-block}.elementor-widget-image-box .elementor-image-box-title a{color:inherit}.elementor-widget-image-box .elementor-image-box-wrapper{text-align:center}.elementor-widget-image-box .elementor-image-box-description{margin:0}<\/style><div class=\"elementor-image-box-wrapper\"><figure class=\"elementor-image-box-img\"><img decoding=\"async\" width=\"128\" height=\"128\" src=\"https:\/\/sionanobubble.com\/wp-content\/uploads\/2024\/08\/Superior-Cleaning-1.png\" class=\"attachment-full size-full wp-image-2951\" alt=\"\" \/><\/figure><div class=\"elementor-image-box-content\"><h3 class=\"elementor-image-box-title\">Hervorragende Reinigung<\/h3><p class=\"elementor-image-box-description\">Nanobubbles dringen tief in kleine Spalten ein, um Verunreinigungen und Schlammpartikel von der Oberfl\u00e4che der Wafer zu l\u00f6sen und zu entfernen.<\/p><\/div><\/div>\t\t<\/div>\n\t\t\t\t<\/div>\n\t\t\t\t\t<\/div>\n\t\t<\/div>\n\t\t\t\t<div class=\"elementor-column elementor-col-33 elementor-inner-column elementor-element elementor-element-dc952d9\" data-id=\"dc952d9\" data-element_type=\"column\">\n\t\t\t<div class=\"elementor-widget-wrap elementor-element-populated\">\n\t\t\t\t\t\t<div class=\"elementor-element elementor-element-c066097 elementor-position-top elementor-widget elementor-widget-image-box\" data-id=\"c066097\" data-element_type=\"widget\" data-widget_type=\"image-box.default\">\n\t\t\t\t<div class=\"elementor-widget-container\">\n\t\t\t<div class=\"elementor-image-box-wrapper\"><figure class=\"elementor-image-box-img\"><img loading=\"lazy\" decoding=\"async\" width=\"128\" height=\"128\" src=\"https:\/\/sionanobubble.com\/wp-content\/uploads\/2024\/08\/Less-Chipping-1.png\" class=\"attachment-full size-full wp-image-2947\" alt=\"\" \/><\/figure><div class=\"elementor-image-box-content\"><h3 class=\"elementor-image-box-title\">Weniger Chipping<\/h3><p class=\"elementor-image-box-description\">Nanobubbles reduzieren die mechanische Belastung, um die Besch\u00e4digung der Chips zu minimieren und die Gesamtausbeute und Qualit\u00e4t des W\u00fcrfelprozesses zu verbessern.<\/p><\/div><\/div>\t\t<\/div>\n\t\t\t\t<\/div>\n\t\t\t\t\t<\/div>\n\t\t<\/div>\n\t\t\t\t<div class=\"elementor-column elementor-col-33 elementor-inner-column elementor-element elementor-element-80af853\" data-id=\"80af853\" data-element_type=\"column\">\n\t\t\t<div class=\"elementor-widget-wrap elementor-element-populated\">\n\t\t\t\t\t\t<div class=\"elementor-element elementor-element-405ddc0 elementor-position-top elementor-widget elementor-widget-image-box\" data-id=\"405ddc0\" data-element_type=\"widget\" data-widget_type=\"image-box.default\">\n\t\t\t\t<div class=\"elementor-widget-container\">\n\t\t\t<div class=\"elementor-image-box-wrapper\"><figure class=\"elementor-image-box-img\"><img loading=\"lazy\" decoding=\"async\" width=\"128\" height=\"128\" src=\"https:\/\/sionanobubble.com\/wp-content\/uploads\/2023\/02\/w2.png\" class=\"attachment-full size-full wp-image-832\" alt=\"\" \/><\/figure><div class=\"elementor-image-box-content\"><h3 class=\"elementor-image-box-title\">Verbesserte W\u00e4rme\u00fcbertragung  <\/h3><p class=\"elementor-image-box-description\">Nanoblasen verbessern die W\u00e4rme\u00fcbertragungseigenschaften. K\u00fchleres Werkzeug f\u00fcr l\u00e4ngere Lebensdauer und k\u00fchleres Werkst\u00fcck \nf\u00fcr pr\u00e4ziseres Schneiden.<\/p><\/div><\/div>\t\t<\/div>\n\t\t\t\t<\/div>\n\t\t\t\t\t<\/div>\n\t\t<\/div>\n\t\t\t\t\t<\/div>\n\t\t<\/section>\n\t\t\t\t<section class=\"elementor-section elementor-inner-section elementor-element elementor-element-0d6df06 elementor-section-full_width elementor-section-height-default elementor-section-height-default\" data-id=\"0d6df06\" data-element_type=\"section\">\n\t\t\t\t\t\t<div class=\"elementor-container elementor-column-gap-custom\">\n\t\t\t\t\t<div class=\"elementor-column elementor-col-25 elementor-inner-column elementor-element elementor-element-4edfdc0 elementor-hidden-tablet elementor-hidden-mobile\" data-id=\"4edfdc0\" data-element_type=\"column\">\n\t\t\t<div class=\"elementor-widget-wrap\">\n\t\t\t\t\t\t\t<\/div>\n\t\t<\/div>\n\t\t\t\t<div class=\"elementor-column elementor-col-25 elementor-inner-column elementor-element elementor-element-a9e96d7\" data-id=\"a9e96d7\" data-element_type=\"column\">\n\t\t\t<div class=\"elementor-widget-wrap elementor-element-populated\">\n\t\t\t\t\t\t<div class=\"elementor-element elementor-element-053623e elementor-position-top elementor-widget elementor-widget-image-box\" data-id=\"053623e\" data-element_type=\"widget\" data-widget_type=\"image-box.default\">\n\t\t\t\t<div class=\"elementor-widget-container\">\n\t\t\t<div class=\"elementor-image-box-wrapper\"><figure class=\"elementor-image-box-img\"><img loading=\"lazy\" decoding=\"async\" width=\"128\" height=\"128\" src=\"https:\/\/sionanobubble.com\/wp-content\/uploads\/2024\/08\/Increased-Lubricity.png\" class=\"attachment-full size-full wp-image-2912\" alt=\"\" \/><\/figure><div class=\"elementor-image-box-content\"><h3 class=\"elementor-image-box-title\">Erh\u00f6hte Schmierf\u00e4higkeit<\/h3><p class=\"elementor-image-box-description\">Nanobubbles reduzieren die Oberfl\u00e4chenspannung von Reinigungsl\u00f6sungen und erh\u00f6hen so die Lebensdauer der Werkzeuge und verringern die Besch\u00e4digung von Sp\u00e4nen.\n<\/p><\/div><\/div>\t\t<\/div>\n\t\t\t\t<\/div>\n\t\t\t\t\t<\/div>\n\t\t<\/div>\n\t\t\t\t<div class=\"elementor-column elementor-col-25 elementor-inner-column elementor-element elementor-element-ebbf6e8\" data-id=\"ebbf6e8\" data-element_type=\"column\">\n\t\t\t<div class=\"elementor-widget-wrap elementor-element-populated\">\n\t\t\t\t\t\t<div class=\"elementor-element elementor-element-2fa3a78 elementor-position-top elementor-widget elementor-widget-image-box\" data-id=\"2fa3a78\" data-element_type=\"widget\" data-widget_type=\"image-box.default\">\n\t\t\t\t<div class=\"elementor-widget-container\">\n\t\t\t<div class=\"elementor-image-box-wrapper\"><figure class=\"elementor-image-box-img\"><img loading=\"lazy\" decoding=\"async\" width=\"128\" height=\"128\" src=\"https:\/\/sionanobubble.com\/wp-content\/uploads\/2024\/08\/Increased-Zeta-Potential-1.png\" class=\"attachment-full size-full wp-image-2943\" alt=\"\" \/><\/figure><div class=\"elementor-image-box-content\"><h3 class=\"elementor-image-box-title\">Erh\u00f6htes Zeta-Potential<\/h3><p class=\"elementor-image-box-description\">Nanoblasen Erh\u00f6htes Zeta-Potential zieht entgegengesetzt geladene Schlammpartikel an und sammelt sie und durchdringt besser Grenzschichten auf entgegengesetzt geladenen Oberfl\u00e4chen.<\/p><\/div><\/div>\t\t<\/div>\n\t\t\t\t<\/div>\n\t\t\t\t\t<\/div>\n\t\t<\/div>\n\t\t\t\t<div class=\"elementor-column elementor-col-25 elementor-inner-column elementor-element elementor-element-ee03365\" data-id=\"ee03365\" data-element_type=\"column\">\n\t\t\t<div class=\"elementor-widget-wrap\">\n\t\t\t\t\t\t\t<\/div>\n\t\t<\/div>\n\t\t\t\t\t<\/div>\n\t\t<\/section>\n\t\t\t\t\t<\/div>\n\t\t<\/div>\n\t\t\t\t\t<\/div>\n\t\t<\/section>\n\t\t\t\t<section class=\"elementor-section elementor-top-section elementor-element elementor-element-ad50413 elementor-section-full_width elementor-section-height-default elementor-section-height-default\" data-id=\"ad50413\" data-element_type=\"section\" data-settings=\"{&quot;background_background&quot;:&quot;classic&quot;}\">\n\t\t\t\t\t\t<div class=\"elementor-container elementor-column-gap-default\">\n\t\t\t\t\t<div class=\"elementor-column elementor-col-100 elementor-top-column elementor-element elementor-element-751aa55\" data-id=\"751aa55\" data-element_type=\"column\">\n\t\t\t<div class=\"elementor-widget-wrap elementor-element-populated\">\n\t\t\t\t\t\t<div class=\"elementor-element elementor-element-079687b elementor-widget elementor-widget-heading\" data-id=\"079687b\" data-element_type=\"widget\" data-widget_type=\"heading.default\">\n\t\t\t\t<div class=\"elementor-widget-container\">\n\t\t\t<h2 class=\"elementor-heading-title elementor-size-default\">Verbesserte Chip-Evakuierung<\/h2>\t\t<\/div>\n\t\t\t\t<\/div>\n\t\t\t\t<section class=\"elementor-section elementor-inner-section elementor-element elementor-element-d6f818c elementor-section-full_width elementor-section-height-default elementor-section-height-default\" data-id=\"d6f818c\" data-element_type=\"section\">\n\t\t\t\t\t\t<div class=\"elementor-container elementor-column-gap-default\">\n\t\t\t\t\t<div class=\"elementor-column elementor-col-100 elementor-inner-column elementor-element elementor-element-e1ba858\" data-id=\"e1ba858\" data-element_type=\"column\">\n\t\t\t<div class=\"elementor-widget-wrap elementor-element-populated\">\n\t\t\t\t\t\t<div class=\"elementor-element elementor-element-5a1220d elementor-vertical-align-top elementor-widget elementor-widget-image-box\" data-id=\"5a1220d\" data-element_type=\"widget\" data-widget_type=\"image-box.default\">\n\t\t\t\t<div class=\"elementor-widget-container\">\n\t\t\t<div class=\"elementor-image-box-wrapper\"><div class=\"elementor-image-box-content\"><h3 class=\"elementor-image-box-title\">Gr\u00f6\u00dfere Durchdringung<\/h3><p class=\"elementor-image-box-description\">Die geringe Gr\u00f6\u00dfe der Nanoblasen erm\u00f6glicht es ihnen, in kleine Risse, Spalten und Poren einzudringen, die gr\u00f6\u00dfere Blasen oder herk\u00f6mmliche Reinigungsmethoden \u00fcbersehen k\u00f6nnten. Dies gew\u00e4hrleistet eine gr\u00fcndliche Reinigung und die Entfernung von hartn\u00e4ckigen R\u00fcckst\u00e4nden.<\/p><\/div><\/div>\t\t<\/div>\n\t\t\t\t<\/div>\n\t\t\t\t<div class=\"elementor-element elementor-element-3e54090 elementor-widget elementor-widget-image\" data-id=\"3e54090\" data-element_type=\"widget\" data-widget_type=\"image.default\">\n\t\t\t\t<div class=\"elementor-widget-container\">\n\t\t\t\t\t\t\t\t\t\t<figure class=\"wp-caption\">\n\t\t\t\t\t\t\t\t\t\t<img loading=\"lazy\" decoding=\"async\" width=\"1067\" height=\"412\" src=\"https:\/\/sionanobubble.com\/wp-content\/uploads\/2024\/08\/Greater-Penetration.png\" class=\"attachment-full size-full wp-image-2908\" alt=\"\" srcset=\"https:\/\/sionanobubble.com\/wp-content\/uploads\/2024\/08\/Greater-Penetration.png 1067w, https:\/\/sionanobubble.com\/wp-content\/uploads\/2024\/08\/Greater-Penetration-300x116.png 300w, https:\/\/sionanobubble.com\/wp-content\/uploads\/2024\/08\/Greater-Penetration-1024x395.png 1024w, https:\/\/sionanobubble.com\/wp-content\/uploads\/2024\/08\/Greater-Penetration-768x297.png 768w\" sizes=\"(max-width: 1067px) 100vw, 1067px\" \/>\t\t\t\t\t\t\t\t\t\t\t<figcaption class=\"widget-image-caption wp-caption-text\"><\/figcaption>\n\t\t\t\t\t\t\t\t\t\t<\/figure>\n\t\t\t\t\t\t\t<\/div>\n\t\t\t\t<\/div>\n\t\t\t\t\t<\/div>\n\t\t<\/div>\n\t\t\t\t\t<\/div>\n\t\t<\/section>\n\t\t\t\t<section class=\"elementor-section elementor-inner-section elementor-element elementor-element-7c4ef23 elementor-section-full_width elementor-section-height-default elementor-section-height-default\" data-id=\"7c4ef23\" data-element_type=\"section\">\n\t\t\t\t\t\t<div class=\"elementor-container elementor-column-gap-default\">\n\t\t\t\t\t<div class=\"elementor-column elementor-col-100 elementor-inner-column elementor-element elementor-element-6d28965\" data-id=\"6d28965\" data-element_type=\"column\">\n\t\t\t<div class=\"elementor-widget-wrap elementor-element-populated\">\n\t\t\t\t\t\t<div class=\"elementor-element elementor-element-0bb4ea3 elementor-vertical-align-top elementor-widget elementor-widget-image-box\" data-id=\"0bb4ea3\" data-element_type=\"widget\" data-widget_type=\"image-box.default\">\n\t\t\t\t<div class=\"elementor-widget-container\">\n\t\t\t<div class=\"elementor-image-box-wrapper\"><div class=\"elementor-image-box-content\"><h3 class=\"elementor-image-box-title\">Tensid Wirkung<\/h3><p class=\"elementor-image-box-description\">Nanobubbles haben eine starke negative Oberfl\u00e4chenladung, die es ihnen erm\u00f6glicht, positiv geladenen Schmutz und \u00f6lige Verunreinigungen, die im Wasser schwimmen, aufzunehmen.<\/p><\/div><\/div>\t\t<\/div>\n\t\t\t\t<\/div>\n\t\t\t\t<div class=\"elementor-element elementor-element-f50b112 elementor-widget elementor-widget-image\" data-id=\"f50b112\" data-element_type=\"widget\" data-widget_type=\"image.default\">\n\t\t\t\t<div class=\"elementor-widget-container\">\n\t\t\t\t\t\t\t\t\t\t<figure class=\"wp-caption\">\n\t\t\t\t\t\t\t\t\t\t<img loading=\"lazy\" decoding=\"async\" width=\"387\" height=\"367\" src=\"https:\/\/sionanobubble.com\/wp-content\/uploads\/2024\/08\/Surfactant-Action.png\" class=\"attachment-full size-full wp-image-2932\" alt=\"\" srcset=\"https:\/\/sionanobubble.com\/wp-content\/uploads\/2024\/08\/Surfactant-Action.png 387w, https:\/\/sionanobubble.com\/wp-content\/uploads\/2024\/08\/Surfactant-Action-300x284.png 300w\" sizes=\"(max-width: 387px) 100vw, 387px\" \/>\t\t\t\t\t\t\t\t\t\t\t<figcaption class=\"widget-image-caption wp-caption-text\"><\/figcaption>\n\t\t\t\t\t\t\t\t\t\t<\/figure>\n\t\t\t\t\t\t\t<\/div>\n\t\t\t\t<\/div>\n\t\t\t\t\t<\/div>\n\t\t<\/div>\n\t\t\t\t\t<\/div>\n\t\t<\/section>\n\t\t\t\t\t<\/div>\n\t\t<\/div>\n\t\t\t\t\t<\/div>\n\t\t<\/section>\n\t\t\t\t<\/div>\n\t\t","protected":false},"excerpt":{"rendered":"<p>Halbleiter Erh\u00f6hte Reinigung, Schmierf\u00e4higkeit und Lebensdauer der Werkzeuge Die einzigartigen Eigenschaften der SIO-Nanoblasen sorgen f\u00fcr hervorragende Reinigungseigenschaften bei gleichzeitiger Reduzierung von Ausbr\u00fcchen, Verl\u00e4ngerung der Werkzeuglebensdauer und Verbesserung der allgemeinen Produktionsqualit\u00e4t. MITGLIED Vorteile Hervorragende Reinigung Nanobubbles dringen tief in kleine Spalten ein, um Verunreinigungen und Schlammpartikel von der Oberfl\u00e4che der Wafer zu l\u00f6sen und zu entfernen&#8230;.<\/p>\n","protected":false},"author":1,"featured_media":0,"parent":0,"menu_order":0,"comment_status":"closed","ping_status":"closed","template":"elementor_header_footer","meta":{"inline_featured_image":false,"_kad_post_transparent":"","_kad_post_title":"","_kad_post_layout":"","_kad_post_sidebar_id":"","_kad_post_content_style":"","_kad_post_vertical_padding":"","_kad_post_feature":"","_kad_post_feature_position":"","_kad_post_header":false,"_kad_post_footer":false,"footnotes":""},"class_list":["post-2899","page","type-page","status-publish","hentry"],"_links":{"self":[{"href":"https:\/\/sionanobubble.com\/de\/wp-json\/wp\/v2\/pages\/2899","targetHints":{"allow":["GET"]}}],"collection":[{"href":"https:\/\/sionanobubble.com\/de\/wp-json\/wp\/v2\/pages"}],"about":[{"href":"https:\/\/sionanobubble.com\/de\/wp-json\/wp\/v2\/types\/page"}],"author":[{"embeddable":true,"href":"https:\/\/sionanobubble.com\/de\/wp-json\/wp\/v2\/users\/1"}],"replies":[{"embeddable":true,"href":"https:\/\/sionanobubble.com\/de\/wp-json\/wp\/v2\/comments?post=2899"}],"version-history":[{"count":8,"href":"https:\/\/sionanobubble.com\/de\/wp-json\/wp\/v2\/pages\/2899\/revisions"}],"predecessor-version":[{"id":3065,"href":"https:\/\/sionanobubble.com\/de\/wp-json\/wp\/v2\/pages\/2899\/revisions\/3065"}],"wp:attachment":[{"href":"https:\/\/sionanobubble.com\/de\/wp-json\/wp\/v2\/media?parent=2899"}],"curies":[{"name":"wp","href":"https:\/\/api.w.org\/{rel}","templated":true}]}}