{"id":2580,"date":"2023-09-14T11:23:05","date_gmt":"2023-09-14T11:23:05","guid":{"rendered":"https:\/\/sionanobubble.com\/zement\/"},"modified":"2024-08-05T06:47:53","modified_gmt":"2024-08-05T06:47:53","slug":"zement","status":"publish","type":"page","link":"https:\/\/sionanobubble.com\/de\/zement\/","title":{"rendered":"Zement"},"content":{"rendered":"\t\t<div data-elementor-type=\"wp-page\" data-elementor-id=\"2580\" class=\"elementor elementor-2580 elementor-1441\">\n\t\t\t\t\t\t<section class=\"elementor-section elementor-top-section elementor-element elementor-element-a0b3c52 elementor-section-full_width elementor-section-height-min-height elementor-section-height-default elementor-section-items-middle\" data-id=\"a0b3c52\" data-element_type=\"section\" data-settings=\"{&quot;background_background&quot;:&quot;classic&quot;}\">\n\t\t\t\t\t\t\t<div class=\"elementor-background-overlay\"><\/div>\n\t\t\t\t\t\t\t<div class=\"elementor-container elementor-column-gap-default\">\n\t\t\t\t\t<div class=\"elementor-column elementor-col-100 elementor-top-column elementor-element elementor-element-a9a2d20\" data-id=\"a9a2d20\" data-element_type=\"column\">\n\t\t\t<div class=\"elementor-widget-wrap elementor-element-populated\">\n\t\t\t\t\t\t<div class=\"elementor-element elementor-element-d07197b elementor-widget elementor-widget-heading\" data-id=\"d07197b\" data-element_type=\"widget\" data-widget_type=\"heading.default\">\n\t\t\t\t<div class=\"elementor-widget-container\">\n\t\t\t<style>\/*! elementor - v3.22.0 - 26-06-2024 *\/\n.elementor-heading-title{padding:0;margin:0;line-height:1}.elementor-widget-heading .elementor-heading-title[class*=elementor-size-]>a{color:inherit;font-size:inherit;line-height:inherit}.elementor-widget-heading .elementor-heading-title.elementor-size-small{font-size:15px}.elementor-widget-heading .elementor-heading-title.elementor-size-medium{font-size:19px}.elementor-widget-heading .elementor-heading-title.elementor-size-large{font-size:29px}.elementor-widget-heading .elementor-heading-title.elementor-size-xl{font-size:39px}.elementor-widget-heading .elementor-heading-title.elementor-size-xxl{font-size:59px}<\/style><h1 class=\"elementor-heading-title elementor-size-default\">Zement<\/h1>\t\t<\/div>\n\t\t\t\t<\/div>\n\t\t\t\t<div class=\"elementor-element elementor-element-a046d5b elementor-widget elementor-widget-heading\" data-id=\"a046d5b\" data-element_type=\"widget\" data-widget_type=\"heading.default\">\n\t\t\t\t<div class=\"elementor-widget-container\">\n\t\t\t<h4 class=\"elementor-heading-title elementor-size-default\">Reduziert die<sub>CO2-Emissionen<\/sub> bei der Herstellung<\/h4>\t\t<\/div>\n\t\t\t\t<\/div>\n\t\t\t\t<div class=\"elementor-element elementor-element-0c4c84f elementor-widget elementor-widget-text-editor\" data-id=\"0c4c84f\" data-element_type=\"widget\" data-widget_type=\"text-editor.default\">\n\t\t\t\t<div class=\"elementor-widget-container\">\n\t\t\t<style>\/*! elementor - v3.22.0 - 26-06-2024 *\/\n.elementor-widget-text-editor.elementor-drop-cap-view-stacked .elementor-drop-cap{background-color:#69727d;color:#fff}.elementor-widget-text-editor.elementor-drop-cap-view-framed .elementor-drop-cap{color:#69727d;border:3px solid;background-color:transparent}.elementor-widget-text-editor:not(.elementor-drop-cap-view-default) .elementor-drop-cap{margin-top:8px}.elementor-widget-text-editor:not(.elementor-drop-cap-view-default) .elementor-drop-cap-letter{width:1em;height:1em}.elementor-widget-text-editor .elementor-drop-cap{float:left;text-align:center;line-height:1;font-size:50px}.elementor-widget-text-editor .elementor-drop-cap-letter{display:inline-block}<\/style>\t\t\t\t<p>SIO Nanobubbles reduzieren das Zementmaterial, erh\u00f6hen die Festigkeit und kompensieren die<sub>CO2-Emissionen<\/sub>.<\/p>\n\t\t\t\t\t\t<\/div>\n\t\t\t\t<\/div>\n\t\t\t\t\t<\/div>\n\t\t<\/div>\n\t\t\t\t\t<\/div>\n\t\t<\/section>\n\t\t\t\t<section class=\"elementor-section elementor-top-section elementor-element elementor-element-b8d9bae elementor-section-full_width elementor-section-height-default elementor-section-height-default\" data-id=\"b8d9bae\" data-element_type=\"section\">\n\t\t\t\t\t\t<div class=\"elementor-container elementor-column-gap-default\">\n\t\t\t\t\t<div class=\"elementor-column elementor-col-100 elementor-top-column elementor-element elementor-element-eb55c59\" data-id=\"eb55c59\" data-element_type=\"column\">\n\t\t\t<div class=\"elementor-widget-wrap elementor-element-populated\">\n\t\t\t\t\t\t<div class=\"elementor-element elementor-element-1be8949 elementor-widget elementor-widget-heading\" data-id=\"1be8949\" data-element_type=\"widget\" data-widget_type=\"heading.default\">\n\t\t\t\t<div class=\"elementor-widget-container\">\n\t\t\t<h2 class=\"elementor-heading-title elementor-size-default\">Vorteile<\/h2>\t\t<\/div>\n\t\t\t\t<\/div>\n\t\t\t\t<section class=\"elementor-section elementor-inner-section elementor-element elementor-element-dbfc045 elementor-section-full_width elementor-section-height-default elementor-section-height-default\" data-id=\"dbfc045\" data-element_type=\"section\">\n\t\t\t\t\t\t<div class=\"elementor-container elementor-column-gap-custom\">\n\t\t\t\t\t<div class=\"elementor-column elementor-col-33 elementor-inner-column elementor-element elementor-element-2ee221d\" data-id=\"2ee221d\" data-element_type=\"column\">\n\t\t\t<div class=\"elementor-widget-wrap elementor-element-populated\">\n\t\t\t\t\t\t<div class=\"elementor-element elementor-element-6493835 elementor-position-top elementor-widget elementor-widget-image-box\" data-id=\"6493835\" data-element_type=\"widget\" data-widget_type=\"image-box.default\">\n\t\t\t\t<div class=\"elementor-widget-container\">\n\t\t\t<style>.elementor-widget-image-box .elementor-image-box-content{width:100%}@media (min-width:768px){.elementor-widget-image-box.elementor-position-left .elementor-image-box-wrapper,.elementor-widget-image-box.elementor-position-right .elementor-image-box-wrapper{display:flex}.elementor-widget-image-box.elementor-position-right .elementor-image-box-wrapper{text-align:end;flex-direction:row-reverse}.elementor-widget-image-box.elementor-position-left .elementor-image-box-wrapper{text-align:start;flex-direction:row}.elementor-widget-image-box.elementor-position-top .elementor-image-box-img{margin:auto}.elementor-widget-image-box.elementor-vertical-align-top .elementor-image-box-wrapper{align-items:flex-start}.elementor-widget-image-box.elementor-vertical-align-middle .elementor-image-box-wrapper{align-items:center}.elementor-widget-image-box.elementor-vertical-align-bottom .elementor-image-box-wrapper{align-items:flex-end}}@media (max-width:767px){.elementor-widget-image-box .elementor-image-box-img{margin-left:auto!important;margin-right:auto!important;margin-bottom:15px}}.elementor-widget-image-box .elementor-image-box-img{display:inline-block}.elementor-widget-image-box .elementor-image-box-title a{color:inherit}.elementor-widget-image-box .elementor-image-box-wrapper{text-align:center}.elementor-widget-image-box .elementor-image-box-description{margin:0}<\/style><div class=\"elementor-image-box-wrapper\"><figure class=\"elementor-image-box-img\"><img decoding=\"async\" width=\"128\" height=\"128\" src=\"https:\/\/sionanobubble.com\/wp-content\/uploads\/2023\/09\/Reduce-CO2-Emissions.png\" class=\"attachment-full size-full wp-image-1447\" alt=\"\" \/><\/figure><div class=\"elementor-image-box-content\"><h3 class=\"elementor-image-box-title\">Reduzierung der<sub>CO2-Emissionen<\/sub> <\/h3><p class=\"elementor-image-box-description\">Nanoblasen werden verwendet, um hohe Konzentrationen von<sub>CO2<\/sub> zu l\u00f6sen und die Fixierungsrate in Recyclingbeton zu erh\u00f6hen.  <\/p><\/div><\/div>\t\t<\/div>\n\t\t\t\t<\/div>\n\t\t\t\t\t<\/div>\n\t\t<\/div>\n\t\t\t\t<div class=\"elementor-column elementor-col-33 elementor-inner-column elementor-element elementor-element-f83612a\" data-id=\"f83612a\" data-element_type=\"column\">\n\t\t\t<div class=\"elementor-widget-wrap elementor-element-populated\">\n\t\t\t\t\t\t<div class=\"elementor-element elementor-element-8bce1f8 elementor-position-top elementor-widget elementor-widget-image-box\" data-id=\"8bce1f8\" data-element_type=\"widget\" data-widget_type=\"image-box.default\">\n\t\t\t\t<div class=\"elementor-widget-container\">\n\t\t\t<div class=\"elementor-image-box-wrapper\"><figure class=\"elementor-image-box-img\"><img decoding=\"async\" width=\"128\" height=\"128\" src=\"https:\/\/sionanobubble.com\/wp-content\/uploads\/2023\/09\/Reduce-Cement-Material.png\" class=\"attachment-full size-full wp-image-1446\" alt=\"\" \/><\/figure><div class=\"elementor-image-box-content\"><h3 class=\"elementor-image-box-title\">Zementmaterial reduzieren<\/h3><p class=\"elementor-image-box-description\">Die hohe<sub>CO2-L\u00f6sungs-<\/sub> und -Bindungsrate von Nanobubbles sorgt f\u00fcr h\u00f6here Umwandlungsraten von Rest- und Recyclingbeton.  <\/p><\/div><\/div>\t\t<\/div>\n\t\t\t\t<\/div>\n\t\t\t\t\t<\/div>\n\t\t<\/div>\n\t\t\t\t<div class=\"elementor-column elementor-col-33 elementor-inner-column elementor-element elementor-element-38f13fe\" data-id=\"38f13fe\" data-element_type=\"column\">\n\t\t\t<div class=\"elementor-widget-wrap elementor-element-populated\">\n\t\t\t\t\t\t<div class=\"elementor-element elementor-element-b6b0a60 elementor-position-top elementor-widget elementor-widget-image-box\" data-id=\"b6b0a60\" data-element_type=\"widget\" data-widget_type=\"image-box.default\">\n\t\t\t\t<div class=\"elementor-widget-container\">\n\t\t\t<div class=\"elementor-image-box-wrapper\"><figure class=\"elementor-image-box-img\"><img decoding=\"async\" width=\"128\" height=\"128\" src=\"https:\/\/sionanobubble.com\/wp-content\/uploads\/2023\/09\/Increase-Tensile-Strength.png\" class=\"attachment-full size-full wp-image-1445\" alt=\"\" \/><\/figure><div class=\"elementor-image-box-content\"><h3 class=\"elementor-image-box-title\">Erh\u00f6hung der Zugfestigkeit<\/h3><p class=\"elementor-image-box-description\">Mikro-Nanoblasen bieten eine 19 % h\u00f6here Druckfestigkeit<sub>(1)<\/sub><\/p><\/div><\/div>\t\t<\/div>\n\t\t\t\t<\/div>\n\t\t\t\t\t<\/div>\n\t\t<\/div>\n\t\t\t\t\t<\/div>\n\t\t<\/section>\n\t\t\t\t<section class=\"elementor-section elementor-inner-section elementor-element elementor-element-83e3925 elementor-section-full_width elementor-section-height-default elementor-section-height-default\" data-id=\"83e3925\" data-element_type=\"section\">\n\t\t\t\t\t\t<div class=\"elementor-container elementor-column-gap-custom\">\n\t\t\t\t\t<div class=\"elementor-column elementor-col-33 elementor-inner-column elementor-element elementor-element-982c6fe\" data-id=\"982c6fe\" data-element_type=\"column\">\n\t\t\t<div class=\"elementor-widget-wrap elementor-element-populated\">\n\t\t\t\t\t\t<div class=\"elementor-element elementor-element-2920ead elementor-position-top elementor-widget elementor-widget-image-box\" data-id=\"2920ead\" data-element_type=\"widget\" data-widget_type=\"image-box.default\">\n\t\t\t\t<div class=\"elementor-widget-container\">\n\t\t\t<div class=\"elementor-image-box-wrapper\"><figure class=\"elementor-image-box-img\"><img loading=\"lazy\" decoding=\"async\" width=\"128\" height=\"128\" src=\"https:\/\/sionanobubble.com\/wp-content\/uploads\/2023\/09\/Higher-Compression-Rate.png\" class=\"attachment-full size-full wp-image-1444\" alt=\"\" \/><\/figure><div class=\"elementor-image-box-content\"><h3 class=\"elementor-image-box-title\">H\u00f6here Komprimierungsrate  <\/h3><p class=\"elementor-image-box-description\">Mikro-Nanoblasen erh\u00f6hen die Zugfestigkeit um 16%<sub>(1)<\/sub><\/p><\/div><\/div>\t\t<\/div>\n\t\t\t\t<\/div>\n\t\t\t\t\t<\/div>\n\t\t<\/div>\n\t\t\t\t<div class=\"elementor-column elementor-col-33 elementor-inner-column elementor-element elementor-element-c0bb485\" data-id=\"c0bb485\" data-element_type=\"column\">\n\t\t\t<div class=\"elementor-widget-wrap elementor-element-populated\">\n\t\t\t\t\t\t<div class=\"elementor-element elementor-element-b5e4890 elementor-position-top elementor-widget elementor-widget-image-box\" data-id=\"b5e4890\" data-element_type=\"widget\" data-widget_type=\"image-box.default\">\n\t\t\t\t<div class=\"elementor-widget-container\">\n\t\t\t<div class=\"elementor-image-box-wrapper\"><figure class=\"elementor-image-box-img\"><img decoding=\"async\" src=\"https:\/\/sionanobubble.com\/wp-content\/uploads\/elementor\/thumbs\/Shorter-Setting-Time-qgif06rtjb2ee4fhm46im53jx875vnb97gvi2r483k.png\" title=\"Shorter Setting Time\" alt=\"Shorter Setting Time\" loading=\"lazy\" \/><\/figure><div class=\"elementor-image-box-content\"><h3 class=\"elementor-image-box-title\">K\u00fcrzere Abbindezeit  <\/h3><p class=\"elementor-image-box-description\">Miro-Nanoblasen sorgen f\u00fcr sofortige Hydratation und verk\u00fcrzen die Abbindezeit.  <\/p><\/div><\/div>\t\t<\/div>\n\t\t\t\t<\/div>\n\t\t\t\t\t<\/div>\n\t\t<\/div>\n\t\t\t\t<div class=\"elementor-column elementor-col-33 elementor-inner-column elementor-element elementor-element-f16d69f\" data-id=\"f16d69f\" data-element_type=\"column\">\n\t\t\t<div class=\"elementor-widget-wrap elementor-element-populated\">\n\t\t\t\t\t\t<div class=\"elementor-element elementor-element-8db9174 elementor-position-top elementor-widget elementor-widget-image-box\" data-id=\"8db9174\" data-element_type=\"widget\" data-widget_type=\"image-box.default\">\n\t\t\t\t<div class=\"elementor-widget-container\">\n\t\t\t<div class=\"elementor-image-box-wrapper\"><figure class=\"elementor-image-box-img\"><img loading=\"lazy\" decoding=\"async\" width=\"128\" height=\"128\" src=\"https:\/\/sionanobubble.com\/wp-content\/uploads\/2024\/08\/Increased-Zeta-Potential-1.png\" class=\"attachment-full size-full wp-image-2943\" alt=\"\" \/><\/figure><div class=\"elementor-image-box-content\"><h3 class=\"elementor-image-box-title\">Erh\u00f6htes Zeta-Potential<\/h3><p class=\"elementor-image-box-description\">Nanoblasen Durch ihr erh\u00f6htes Zeta-Potential k\u00f6nnen sie kontinuierlich an physikalischen, biologischen und chemischen Interaktionen teilnehmen und diese stimulieren.<\/p><\/div><\/div>\t\t<\/div>\n\t\t\t\t<\/div>\n\t\t\t\t\t<\/div>\n\t\t<\/div>\n\t\t\t\t\t<\/div>\n\t\t<\/section>\n\t\t\t\t\t<\/div>\n\t\t<\/div>\n\t\t\t\t\t<\/div>\n\t\t<\/section>\n\t\t\t\t<section class=\"elementor-section elementor-top-section elementor-element elementor-element-94ec273 elementor-section-full_width elementor-section-height-default elementor-section-height-default\" data-id=\"94ec273\" data-element_type=\"section\" data-settings=\"{&quot;background_background&quot;:&quot;classic&quot;}\">\n\t\t\t\t\t\t<div class=\"elementor-container elementor-column-gap-default\">\n\t\t\t\t\t<div class=\"elementor-column elementor-col-100 elementor-top-column elementor-element elementor-element-a40cfe9\" data-id=\"a40cfe9\" data-element_type=\"column\">\n\t\t\t<div class=\"elementor-widget-wrap elementor-element-populated\">\n\t\t\t\t\t\t<div class=\"elementor-element elementor-element-eca916f elementor-widget elementor-widget-image\" data-id=\"eca916f\" data-element_type=\"widget\" data-widget_type=\"image.default\">\n\t\t\t\t<div class=\"elementor-widget-container\">\n\t\t\t<style>\/*! elementor - v3.22.0 - 26-06-2024 *\/\n.elementor-widget-image{text-align:center}.elementor-widget-image a{display:inline-block}.elementor-widget-image a img[src$=\".svg\"]{width:48px}.elementor-widget-image img{vertical-align:middle;display:inline-block}<\/style>\t\t\t\t\t\t\t\t\t\t<img loading=\"lazy\" decoding=\"async\" width=\"277\" height=\"182\" src=\"https:\/\/sionanobubble.com\/wp-content\/uploads\/2023\/09\/tama-innovation-Ecosystem.png\" class=\"attachment-full size-full wp-image-1448\" alt=\"\" \/>\t\t\t\t\t\t\t\t\t\t\t\t\t<\/div>\n\t\t\t\t<\/div>\n\t\t\t\t<div class=\"elementor-element elementor-element-a648b6e elementor-widget elementor-widget-text-editor\" data-id=\"a648b6e\" data-element_type=\"widget\" data-widget_type=\"text-editor.default\">\n\t\t\t\t<div class=\"elementor-widget-container\">\n\t\t\t\t\t\t\t<p>2022.08.17<\/p>\n\t\t\t\t\t\t<\/div>\n\t\t\t\t<\/div>\n\t\t\t\t<div class=\"elementor-element elementor-element-7e3dec9 elementor-widget elementor-widget-heading\" data-id=\"7e3dec9\" data-element_type=\"widget\" data-widget_type=\"heading.default\">\n\t\t\t\t<div class=\"elementor-widget-container\">\n\t\t\t<h2 class=\"elementor-heading-title elementor-size-default\">Technische \u00dcberpr\u00fcfung zur Reduzierung der<sub>CO2-Emissionen<\/sub> bei der Zement- und Betonherstellung.<\/h2>\t\t<\/div>\n\t\t\t\t<\/div>\n\t\t\t\t<div class=\"elementor-element elementor-element-7e5d551 elementor-widget elementor-widget-text-editor\" data-id=\"7e5d551\" data-element_type=\"widget\" data-widget_type=\"text-editor.default\">\n\t\t\t\t<div class=\"elementor-widget-container\">\n\t\t\t\t\t\t\t<p><strong>Hintergrund:<\/strong> Bei den<sub>CO2-Emissionen<\/sub> der Zement- und Betonindustrie handelt es sich um<sub>CO2<\/sub>, das bei der Verarbeitung von Kalkstein im Zementherstellungsprozess entsteht, sowie um<sub>CO2<\/sub>, das in den f\u00fcr diese Verarbeitung erforderlichen Hochtemperatur\u00f6fen erzeugt wird.<\/p>\n<p>Das in dieser Branche erzeugte<sub>CO2<\/sub> macht 3,4 % der gesamten<sub>CO2-Emissionen<\/sub> in Japan aus (Ergebnisse f\u00fcr 2019, Daten des Umweltministeriums), und es wird als notwendig erachtet, Anstrengungen zu unternehmen, um in dieser Branche Kohlenstoffneutralit\u00e4t zu erreichen.<\/p>\n<p><strong>Einzelheiten zum Projekt:<\/strong> Um die Gesamtmenge der<sub>CO2-Emissionen<\/sub> bei der Zement- und Betonherstellung zu reduzieren, setzen wir unsere funktionelle Technologie zur Erzeugung von Blasenwasser ein, um<sub>CO2<\/sub> in hoher Konzentration in Zementwasser zu l\u00f6sen und dieses Zementwasser zur Herstellung von Beton zu verwenden. Wir werden die Technologie zur Fixierung (Speicherung von<sub>CO2<\/sub> als andere Kohlenstoffverbindungen) \u00fcberpr\u00fcfen. In diesem Projekt haben wir in Zusammenarbeit mit der Tokyo Metropolitan University Daten zu den Bedingungen (Injektionsdurchflussrate, Druck usw.) gesammelt, die die<sub>CO2-Aufl\u00f6sung<\/sub> in Zementwasser bei der Verwendung der Technologie zur Erzeugung von Funktionsblasenwasser erleichtern, und den<sub>CO2-Fixierungsprozess<\/sub> bestimmt. Streben Sie nach Effizienz. Au\u00dferdem werden wir durch Demonstrationsversuche in Zusammenarbeit mit Bauunternehmen Fragen der sozialen Umsetzung ermitteln.<\/p>\n<p><strong>Ergebnisse der Projektarbeit:<\/strong> Bei der grunds\u00e4tzlichen \u00dcberpr\u00fcfung der<sub>CO2-Aufl\u00f6sung<\/sub> (Fixierung) in Zementwasser konnten wir mehr als das Doppelte der Leistung herk\u00f6mmlicher Produkte erreichen. Auf der Grundlage dieser Ergebnisse haben wir die Richtung der sozialen Umsetzung dieser Technologie an Standorten der Wiederverwendung von Zementwasser (Frischbeton) gekl\u00e4rt.<\/p>\n<p>In Zusammenarbeit mit einer Baufirma, die als Anwender fungiert, haben wir einen Produktprototyp und eine Verifizierung durchgef\u00fchrt, die auf die Umgebung der Wiederverwendung von Transportbeton abzielt, und haben die gleichen Ergebnisse erzielt wie die prinzipielle Verifizierung in der Umgebung der Wiederverwendung von Transportbeton. Dar\u00fcber hinaus gab es einige betriebliche Probleme am Standort (Verstopfung behinderte den Betrieb), aber die \u00dcberpr\u00fcfung ergab, dass das Problem durch eine Anpassung der internen Struktur gel\u00f6st werden konnte, und es wurden Anstrengungen unternommen, um dies am Standort umzusetzen. Wir f\u00f6rdern.<\/p>\n\t\t\t\t\t\t<\/div>\n\t\t\t\t<\/div>\n\t\t\t\t<div class=\"elementor-element elementor-element-167e3aa elementor-widget elementor-widget-text-editor\" data-id=\"167e3aa\" data-element_type=\"widget\" data-widget_type=\"text-editor.default\">\n\t\t\t\t<div class=\"elementor-widget-container\">\n\t\t\t\t\t\t\t<p>(1) Arefi, A. et al. (2016)<\/p>\n\t\t\t\t\t\t<\/div>\n\t\t\t\t<\/div>\n\t\t\t\t\t<\/div>\n\t\t<\/div>\n\t\t\t\t\t<\/div>\n\t\t<\/section>\n\t\t\t\t<\/div>\n\t\t","protected":false},"excerpt":{"rendered":"<p>Zement Reduziert dieCO2-Emissionen bei der Herstellung SIO Nanobubbles reduzieren das Zementmaterial, erh\u00f6hen die Festigkeit und kompensieren dieCO2-Emissionen. Vorteile Reduzierung derCO2-Emissionen Nanoblasen werden verwendet, um hohe Konzentrationen vonCO2 zu l\u00f6sen und die Fixierungsrate in Recyclingbeton zu erh\u00f6hen. Zementmaterial reduzieren Die hoheCO2-L\u00f6sungs- und -Bindungsrate von Nanobubbles sorgt f\u00fcr h\u00f6here Umwandlungsraten von Rest- und Recyclingbeton. Erh\u00f6hung der Zugfestigkeit&#8230;<\/p>\n","protected":false},"author":1,"featured_media":0,"parent":0,"menu_order":0,"comment_status":"closed","ping_status":"closed","template":"elementor_header_footer","meta":{"inline_featured_image":false,"_kad_post_transparent":"","_kad_post_title":"","_kad_post_layout":"","_kad_post_sidebar_id":"","_kad_post_content_style":"","_kad_post_vertical_padding":"","_kad_post_feature":"","_kad_post_feature_position":"","_kad_post_header":false,"_kad_post_footer":false,"footnotes":""},"class_list":["post-2580","page","type-page","status-publish","hentry"],"_links":{"self":[{"href":"https:\/\/sionanobubble.com\/de\/wp-json\/wp\/v2\/pages\/2580","targetHints":{"allow":["GET"]}}],"collection":[{"href":"https:\/\/sionanobubble.com\/de\/wp-json\/wp\/v2\/pages"}],"about":[{"href":"https:\/\/sionanobubble.com\/de\/wp-json\/wp\/v2\/types\/page"}],"author":[{"embeddable":true,"href":"https:\/\/sionanobubble.com\/de\/wp-json\/wp\/v2\/users\/1"}],"replies":[{"embeddable":true,"href":"https:\/\/sionanobubble.com\/de\/wp-json\/wp\/v2\/comments?post=2580"}],"version-history":[{"count":3,"href":"https:\/\/sionanobubble.com\/de\/wp-json\/wp\/v2\/pages\/2580\/revisions"}],"predecessor-version":[{"id":3002,"href":"https:\/\/sionanobubble.com\/de\/wp-json\/wp\/v2\/pages\/2580\/revisions\/3002"}],"wp:attachment":[{"href":"https:\/\/sionanobubble.com\/de\/wp-json\/wp\/v2\/media?parent=2580"}],"curies":[{"name":"wp","href":"https:\/\/api.w.org\/{rel}","templated":true}]}}