{"id":2429,"date":"2023-01-30T11:20:33","date_gmt":"2023-01-30T11:20:33","guid":{"rendered":"https:\/\/sionanobubble.com\/ueber-uns\/"},"modified":"2025-04-30T14:34:26","modified_gmt":"2025-04-30T14:34:26","slug":"ueber-uns","status":"publish","type":"page","link":"https:\/\/sionanobubble.com\/de\/ueber-uns\/","title":{"rendered":"\u00dcber uns"},"content":{"rendered":"\t\t<div data-elementor-type=\"wp-page\" data-elementor-id=\"2429\" class=\"elementor elementor-2429 elementor-177\">\n\t\t\t\t\t\t<section class=\"elementor-section elementor-top-section elementor-element elementor-element-5fcf008 elementor-section-full_width elementor-section-height-default elementor-section-height-default\" data-id=\"5fcf008\" data-element_type=\"section\" data-settings=\"{&quot;background_background&quot;:&quot;classic&quot;}\">\n\t\t\t\t\t\t<div class=\"elementor-container elementor-column-gap-default\">\n\t\t\t\t\t<div class=\"elementor-column elementor-col-100 elementor-top-column elementor-element elementor-element-5d3328c\" data-id=\"5d3328c\" data-element_type=\"column\">\n\t\t\t<div class=\"elementor-widget-wrap elementor-element-populated\">\n\t\t\t\t\t\t<section class=\"elementor-section elementor-inner-section elementor-element elementor-element-f10303e animated-slow elementor-section-boxed elementor-section-height-default elementor-section-height-default elementor-invisible\" data-id=\"f10303e\" data-element_type=\"section\" data-settings=\"{&quot;animation&quot;:&quot;fadeIn&quot;}\">\n\t\t\t\t\t\t<div class=\"elementor-container elementor-column-gap-default\">\n\t\t\t\t\t<div class=\"elementor-column elementor-col-100 elementor-inner-column elementor-element elementor-element-a15ade1\" data-id=\"a15ade1\" data-element_type=\"column\" data-settings=\"{&quot;background_background&quot;:&quot;classic&quot;}\">\n\t\t\t<div class=\"elementor-widget-wrap elementor-element-populated\">\n\t\t\t\t\t\t<div class=\"elementor-element elementor-element-97db598 elementor-widget elementor-widget-heading\" data-id=\"97db598\" data-element_type=\"widget\" data-widget_type=\"heading.default\">\n\t\t\t\t<div class=\"elementor-widget-container\">\n\t\t\t<style>\/*! elementor - v3.22.0 - 26-06-2024 *\/\n.elementor-heading-title{padding:0;margin:0;line-height:1}.elementor-widget-heading .elementor-heading-title[class*=elementor-size-]>a{color:inherit;font-size:inherit;line-height:inherit}.elementor-widget-heading .elementor-heading-title.elementor-size-small{font-size:15px}.elementor-widget-heading .elementor-heading-title.elementor-size-medium{font-size:19px}.elementor-widget-heading .elementor-heading-title.elementor-size-large{font-size:29px}.elementor-widget-heading .elementor-heading-title.elementor-size-xl{font-size:39px}.elementor-widget-heading .elementor-heading-title.elementor-size-xxl{font-size:59px}<\/style><h2 class=\"elementor-heading-title elementor-size-default\">\u00dcber uns<\/h2>\t\t<\/div>\n\t\t\t\t<\/div>\n\t\t\t\t\t<\/div>\n\t\t<\/div>\n\t\t\t\t\t<\/div>\n\t\t<\/section>\n\t\t\t\t\t<\/div>\n\t\t<\/div>\n\t\t\t\t\t<\/div>\n\t\t<\/section>\n\t\t\t\t<section class=\"elementor-section elementor-top-section elementor-element elementor-element-324e2408 elementor-section-full_width elementor-section-height-default elementor-section-height-default\" data-id=\"324e2408\" data-element_type=\"section\">\n\t\t\t\t\t\t<div class=\"elementor-container elementor-column-gap-default\">\n\t\t\t\t\t<div class=\"elementor-column elementor-col-100 elementor-top-column elementor-element elementor-element-5e2b88c elementor-invisible\" data-id=\"5e2b88c\" data-element_type=\"column\" data-settings=\"{&quot;animation&quot;:&quot;fadeIn&quot;}\">\n\t\t\t<div class=\"elementor-widget-wrap elementor-element-populated\">\n\t\t\t\t\t\t<section class=\"elementor-section elementor-inner-section elementor-element elementor-element-2b661486 animated-slow elementor-section-full_width elementor-section-height-default elementor-section-height-default elementor-invisible\" data-id=\"2b661486\" data-element_type=\"section\" data-settings=\"{&quot;background_background&quot;:&quot;classic&quot;,&quot;animation&quot;:&quot;fadeIn&quot;,&quot;animation_delay&quot;:200}\">\n\t\t\t\t\t\t<div class=\"elementor-container elementor-column-gap-default\">\n\t\t\t\t\t<div class=\"elementor-column elementor-col-100 elementor-inner-column elementor-element elementor-element-635c1e66\" data-id=\"635c1e66\" data-element_type=\"column\" data-settings=\"{&quot;background_background&quot;:&quot;classic&quot;}\">\n\t\t\t<div class=\"elementor-widget-wrap elementor-element-populated\">\n\t\t\t\t\t\t<div class=\"elementor-element elementor-element-36f86e25 elementor-widget elementor-widget-heading\" data-id=\"36f86e25\" data-element_type=\"widget\" data-widget_type=\"heading.default\">\n\t\t\t\t<div class=\"elementor-widget-container\">\n\t\t\t<h2 class=\"elementor-heading-title elementor-size-default\">Wer wir sind  <\/h2>\t\t<\/div>\n\t\t\t\t<\/div>\n\t\t\t\t<div class=\"elementor-element elementor-element-11bd5d64 elementor-widget elementor-widget-text-editor\" data-id=\"11bd5d64\" data-element_type=\"widget\" data-widget_type=\"text-editor.default\">\n\t\t\t\t<div class=\"elementor-widget-container\">\n\t\t\t<style>\/*! elementor - v3.22.0 - 26-06-2024 *\/\n.elementor-widget-text-editor.elementor-drop-cap-view-stacked .elementor-drop-cap{background-color:#69727d;color:#fff}.elementor-widget-text-editor.elementor-drop-cap-view-framed .elementor-drop-cap{color:#69727d;border:3px solid;background-color:transparent}.elementor-widget-text-editor:not(.elementor-drop-cap-view-default) .elementor-drop-cap{margin-top:8px}.elementor-widget-text-editor:not(.elementor-drop-cap-view-default) .elementor-drop-cap-letter{width:1em;height:1em}.elementor-widget-text-editor .elementor-drop-cap{float:left;text-align:center;line-height:1;font-size:50px}.elementor-widget-text-editor .elementor-drop-cap-letter{display:inline-block}<\/style>\t\t\t\t<p>SIO ist ein innovatives Technologie-Lizenzierungs- und Produktionsunternehmen, das sich auf die Entwicklung und den Einsatz der Nanobubble-Technologie spezialisiert hat, um nachhaltige L\u00f6sungen anzubieten, die es der Industrie erm\u00f6glichen, die Produktion zu steigern, die Energiekosten zu senken und den Einsatz von Chemikalien zu reduzieren, ohne die Umwelt zu sch\u00e4digen.<\/p>\n\t\t\t\t\t\t<\/div>\n\t\t\t\t<\/div>\n\t\t\t\t<div class=\"elementor-element elementor-element-4e671cb2 elementor-align-center elementor-widget elementor-widget-button\" data-id=\"4e671cb2\" data-element_type=\"widget\" data-widget_type=\"button.default\">\n\t\t\t\t<div class=\"elementor-widget-container\">\n\t\t\t\t\t<div class=\"elementor-button-wrapper\">\n\t\t\t<a class=\"elementor-button elementor-button-link elementor-size-sm\" href=\"https:\/\/sionanobubble.com\/de\/kontakt\/\">\n\t\t\t\t\t\t<span class=\"elementor-button-content-wrapper\">\n\t\t\t\t\t\t\t\t\t<span class=\"elementor-button-text\">Los geht's<\/span>\n\t\t\t\t\t<\/span>\n\t\t\t\t\t<\/a>\n\t\t<\/div>\n\t\t\t\t<\/div>\n\t\t\t\t<\/div>\n\t\t\t\t\t<\/div>\n\t\t<\/div>\n\t\t\t\t\t<\/div>\n\t\t<\/section>\n\t\t\t\t\t<\/div>\n\t\t<\/div>\n\t\t\t\t\t<\/div>\n\t\t<\/section>\n\t\t\t\t<section class=\"elementor-section elementor-top-section elementor-element elementor-element-4741281 elementor-section-full_width elementor-section-height-default elementor-section-height-default\" data-id=\"4741281\" data-element_type=\"section\" data-settings=\"{&quot;background_background&quot;:&quot;classic&quot;}\">\n\t\t\t\t\t\t<div class=\"elementor-container elementor-column-gap-default\">\n\t\t\t\t\t<div class=\"elementor-column elementor-col-100 elementor-top-column elementor-element elementor-element-ad4c6a4\" data-id=\"ad4c6a4\" data-element_type=\"column\">\n\t\t\t<div class=\"elementor-widget-wrap elementor-element-populated\">\n\t\t\t\t\t\t<div class=\"elementor-element elementor-element-73478d3 elementor-widget elementor-widget-heading\" data-id=\"73478d3\" data-element_type=\"widget\" data-widget_type=\"heading.default\">\n\t\t\t\t<div class=\"elementor-widget-container\">\n\t\t\t<h2 class=\"elementor-heading-title elementor-size-default\">Leiterschaft<\/h2>\t\t<\/div>\n\t\t\t\t<\/div>\n\t\t\t\t<section class=\"elementor-section elementor-inner-section elementor-element elementor-element-50e3891 elementor-section-full_width elementor-section-height-default elementor-section-height-default\" data-id=\"50e3891\" data-element_type=\"section\">\n\t\t\t\t\t\t<div class=\"elementor-container elementor-column-gap-custom\">\n\t\t\t\t\t<div class=\"elementor-column elementor-col-50 elementor-inner-column elementor-element elementor-element-f4a025a\" data-id=\"f4a025a\" data-element_type=\"column\">\n\t\t\t<div class=\"elementor-widget-wrap elementor-element-populated\">\n\t\t\t\t\t\t<div class=\"elementor-element elementor-element-cd5bf7d elementor-widget elementor-widget-image\" data-id=\"cd5bf7d\" data-element_type=\"widget\" data-widget_type=\"image.default\">\n\t\t\t\t<div class=\"elementor-widget-container\">\n\t\t\t<style>\/*! elementor - v3.22.0 - 26-06-2024 *\/\n.elementor-widget-image{text-align:center}.elementor-widget-image a{display:inline-block}.elementor-widget-image a img[src$=\".svg\"]{width:48px}.elementor-widget-image img{vertical-align:middle;display:inline-block}<\/style>\t\t\t\t\t\t\t\t\t\t<img fetchpriority=\"high\" decoding=\"async\" width=\"364\" height=\"438\" src=\"https:\/\/sionanobubble.com\/wp-content\/uploads\/2023\/08\/Al-Lang.png\" class=\"attachment-full size-full wp-image-1354\" alt=\"\" srcset=\"https:\/\/sionanobubble.com\/wp-content\/uploads\/2023\/08\/Al-Lang.png 364w, https:\/\/sionanobubble.com\/wp-content\/uploads\/2023\/08\/Al-Lang-249x300.png 249w\" sizes=\"(max-width: 364px) 100vw, 364px\" \/>\t\t\t\t\t\t\t\t\t\t\t\t\t<\/div>\n\t\t\t\t<\/div>\n\t\t\t\t<div class=\"elementor-element elementor-element-5aa03a7 elementor-widget elementor-widget-heading\" data-id=\"5aa03a7\" data-element_type=\"widget\" data-widget_type=\"heading.default\">\n\t\t\t\t<div class=\"elementor-widget-container\">\n\t\t\t<h3 class=\"elementor-heading-title elementor-size-default\">Al Lang<\/h3>\t\t<\/div>\n\t\t\t\t<\/div>\n\t\t\t\t<div class=\"elementor-element elementor-element-74b4fad elementor-widget elementor-widget-text-editor\" data-id=\"74b4fad\" data-element_type=\"widget\" data-widget_type=\"text-editor.default\">\n\t\t\t\t<div class=\"elementor-widget-container\">\n\t\t\t\t\t\t\t<p>Al Lang ist Chief Executive Officer von SIO USA und ein erfolgreicher Serienunternehmer in einem vielf\u00e4ltigen Netzwerk von Branchen. Er bringt mehr als 50 Jahre Erfahrung in den Bereichen Unternehmensf\u00fchrung, Betrieb, Produktion und Gesch\u00e4ftsentwicklung in das Team ein.<\/p>\n<p>Herr Lang ist auch der Gr\u00fcnder eines erfolgreichen Unternehmens f\u00fcr die Herstellung von Spezialchemikalien, das seit \u00fcber 30 Jahren nachhaltige L\u00f6sungen f\u00fcr multinationale Unternehmen in der Automobil-, Luft- und Raumfahrt- und Haushaltsindustrie anbietet.<\/p>\n\t\t\t\t\t\t<\/div>\n\t\t\t\t<\/div>\n\t\t\t\t\t<\/div>\n\t\t<\/div>\n\t\t\t\t<div class=\"elementor-column elementor-col-50 elementor-inner-column elementor-element elementor-element-60191bb\" data-id=\"60191bb\" data-element_type=\"column\">\n\t\t\t<div class=\"elementor-widget-wrap elementor-element-populated\">\n\t\t\t\t\t\t<div class=\"elementor-element elementor-element-5eaffa0 elementor-widget elementor-widget-image\" data-id=\"5eaffa0\" data-element_type=\"widget\" data-widget_type=\"image.default\">\n\t\t\t\t<div class=\"elementor-widget-container\">\n\t\t\t\t\t\t\t\t\t\t\t\t\t<img decoding=\"async\" width=\"120\" height=\"149\" src=\"https:\/\/sionanobubble.com\/wp-content\/uploads\/2023\/08\/Mark-Nagano.png\" class=\"attachment-full size-full wp-image-1345\" alt=\"\" \/>\t\t\t\t\t\t\t\t\t\t\t\t\t<\/div>\n\t\t\t\t<\/div>\n\t\t\t\t<div class=\"elementor-element elementor-element-92191eb elementor-widget elementor-widget-heading\" data-id=\"92191eb\" data-element_type=\"widget\" data-widget_type=\"heading.default\">\n\t\t\t\t<div class=\"elementor-widget-container\">\n\t\t\t<h3 class=\"elementor-heading-title elementor-size-default\">Mark Nagano<\/h3>\t\t<\/div>\n\t\t\t\t<\/div>\n\t\t\t\t<div class=\"elementor-element elementor-element-c25529f elementor-widget elementor-widget-text-editor\" data-id=\"c25529f\" data-element_type=\"widget\" data-widget_type=\"text-editor.default\">\n\t\t\t\t<div class=\"elementor-widget-container\">\n\t\t\t\t\t\t\t<p>Mark Nagano ist seit mehr als 35 Jahren erfolgreich in der umweltwissenschaftlichen Branche t\u00e4tig, unter anderem in leitenden Positionen in den Bereichen Vertrieb und Betrieb. Er ist der derzeitige CFO von SIO USA und verantwortlich f\u00fcr F\u00fchrung, Management, Technologieentwicklung und strategische Planung.<\/p>\n<p>Bevor er zu SIO USA kam, war Herr Nagano 25 Jahre lang als Direktor f\u00fcr internationale Gesch\u00e4fts- und Technologieentwicklung bei Tech Corporation, Ltd. t\u00e4tig, einem f\u00fchrenden japanischen Unternehmen f\u00fcr Umweltwissenschaften und -technologie. Tech Corporation leistete Pionierarbeit bei der Entwicklung und Vermarktung von elektrolysiertem Wasser, Bioabfallverg\u00e4rungsanlagen und der Nanobubble-Technologie, f\u00fcr die das Unternehmen zahlreiche Patente erhielt.<\/p>\n\t\t\t\t\t\t<\/div>\n\t\t\t\t<\/div>\n\t\t\t\t\t<\/div>\n\t\t<\/div>\n\t\t\t\t\t<\/div>\n\t\t<\/section>\n\t\t\t\t<div class=\"elementor-element elementor-element-f47cd9f elementor-widget elementor-widget-heading\" data-id=\"f47cd9f\" data-element_type=\"widget\" data-widget_type=\"heading.default\">\n\t\t\t\t<div class=\"elementor-widget-container\">\n\t\t\t<h2 class=\"elementor-heading-title elementor-size-default\">Wissenschaftlicher Beirat<\/h2>\t\t<\/div>\n\t\t\t\t<\/div>\n\t\t\t\t<section class=\"elementor-section elementor-inner-section elementor-element elementor-element-fcce868 elementor-section-full_width elementor-section-height-default elementor-section-height-default\" data-id=\"fcce868\" data-element_type=\"section\">\n\t\t\t\t\t\t<div class=\"elementor-container elementor-column-gap-custom\">\n\t\t\t\t\t<div class=\"elementor-column elementor-col-50 elementor-inner-column elementor-element elementor-element-ceb21fe\" data-id=\"ceb21fe\" data-element_type=\"column\">\n\t\t\t<div class=\"elementor-widget-wrap elementor-element-populated\">\n\t\t\t\t\t\t<div class=\"elementor-element elementor-element-6fd322b elementor-widget elementor-widget-image\" data-id=\"6fd322b\" data-element_type=\"widget\" data-widget_type=\"image.default\">\n\t\t\t\t<div class=\"elementor-widget-container\">\n\t\t\t\t\t\t\t\t\t\t\t\t\t<img decoding=\"async\" width=\"269\" height=\"303\" src=\"https:\/\/sionanobubble.com\/wp-content\/uploads\/2023\/08\/Ovissipour.jpg\" class=\"attachment-full size-full wp-image-1285\" alt=\"\" srcset=\"https:\/\/sionanobubble.com\/wp-content\/uploads\/2023\/08\/Ovissipour.jpg 269w, https:\/\/sionanobubble.com\/wp-content\/uploads\/2023\/08\/Ovissipour-266x300.jpg 266w\" sizes=\"(max-width: 269px) 100vw, 269px\" \/>\t\t\t\t\t\t\t\t\t\t\t\t\t<\/div>\n\t\t\t\t<\/div>\n\t\t\t\t<div class=\"elementor-element elementor-element-cb1d244 elementor-widget elementor-widget-heading\" data-id=\"cb1d244\" data-element_type=\"widget\" data-widget_type=\"heading.default\">\n\t\t\t\t<div class=\"elementor-widget-container\">\n\t\t\t<h3 class=\"elementor-heading-title elementor-size-default\">Dr. Ovissipour<\/h3>\t\t<\/div>\n\t\t\t\t<\/div>\n\t\t\t\t<div class=\"elementor-element elementor-element-562397e elementor-widget elementor-widget-text-editor\" data-id=\"562397e\" data-element_type=\"widget\" data-widget_type=\"text-editor.default\">\n\t\t\t\t<div class=\"elementor-widget-container\">\n\t\t\t\t\t\t\t<p>Dr. Ovissipour ist Assistenzprofessor in der Abteilung f\u00fcr Lebensmittelwissenschaft und -technologie an der Texas A&amp;M University. Er hat einen Doktortitel in Bioverfahrenstechnik und einen Doktortitel in biologischer Systemtechnik von der Washington State University. Sein Programm konzentriert sich auf nachhaltige Lebensmittelproduktionssysteme und die Entwicklung neuartiger Technologien zur Verbesserung der Lebensmittel- und Ern\u00e4hrungssicherheit bei gleichzeitiger Verringerung des CO2-Fu\u00dfabdrucks. Er arbeitet an alternativen Proteinen, zellul\u00e4rer Landwirtschaft und Lebensmittelsicherheitstechnik.<\/p>\n\t\t\t\t\t\t<\/div>\n\t\t\t\t<\/div>\n\t\t\t\t\t<\/div>\n\t\t<\/div>\n\t\t\t\t<div class=\"elementor-column elementor-col-50 elementor-inner-column elementor-element elementor-element-f833ed8\" data-id=\"f833ed8\" data-element_type=\"column\">\n\t\t\t<div class=\"elementor-widget-wrap elementor-element-populated\">\n\t\t\t\t\t\t<div class=\"elementor-element elementor-element-575ffb5 elementor-widget elementor-widget-image\" data-id=\"575ffb5\" data-element_type=\"widget\" data-widget_type=\"image.default\">\n\t\t\t\t<div class=\"elementor-widget-container\">\n\t\t\t\t\t\t\t\t\t\t\t\t\t<img loading=\"lazy\" decoding=\"async\" width=\"606\" height=\"645\" src=\"https:\/\/sionanobubble.com\/wp-content\/uploads\/2023\/12\/Ankit-Agarwal.jpg\" class=\"attachment-full size-full wp-image-1501\" alt=\"\" srcset=\"https:\/\/sionanobubble.com\/wp-content\/uploads\/2023\/12\/Ankit-Agarwal.jpg 606w, https:\/\/sionanobubble.com\/wp-content\/uploads\/2023\/12\/Ankit-Agarwal-282x300.jpg 282w\" sizes=\"(max-width: 606px) 100vw, 606px\" \/>\t\t\t\t\t\t\t\t\t\t\t\t\t<\/div>\n\t\t\t\t<\/div>\n\t\t\t\t<div class=\"elementor-element elementor-element-c90f2a6 elementor-widget elementor-widget-heading\" data-id=\"c90f2a6\" data-element_type=\"widget\" data-widget_type=\"heading.default\">\n\t\t\t\t<div class=\"elementor-widget-container\">\n\t\t\t<h3 class=\"elementor-heading-title elementor-size-default\">Ankit Agarwal<\/h3>\t\t<\/div>\n\t\t\t\t<\/div>\n\t\t\t\t<div class=\"elementor-element elementor-element-47eaa7c elementor-widget elementor-widget-text-editor\" data-id=\"47eaa7c\" data-element_type=\"widget\" data-widget_type=\"text-editor.default\">\n\t\t\t\t<div class=\"elementor-widget-container\">\n\t\t\t\t\t\t\t<p>Ankit Agarwal ist Postdoktorand in der Abteilung f\u00fcr Fahrzeugtechnik am Clemson University International Center for Automotive Research (CUICAR). Er promovierte in Maschinenbau am Indian Institute of Technology Jodhpur, Rajasthan, Indien. Seine Forschung konzentriert sich auf die Verbesserung der Bearbeitung neuerer Werkstoffe, die Kombination von Computertools mit menschlichem Fachwissen f\u00fcr eine effektive Entscheidungsfindung in der Fertigung und die ontologische Integration von Entwurfs- und Fertigungsprozessen. Derzeit arbeitet er an der Analyse\/\u00dcberwachung des Werkzeugverschlei\u00dfes bei der Bearbeitung von Superlegierungen auf Nickelbasis (NBSAs) und an der Entwicklung einer Designing-as-a-Service-Plattform (DaaS) f\u00fcr kleine und mittlere Unternehmen (KMUs).<\/p>\n\t\t\t\t\t\t<\/div>\n\t\t\t\t<\/div>\n\t\t\t\t\t<\/div>\n\t\t<\/div>\n\t\t\t\t\t<\/div>\n\t\t<\/section>\n\t\t\t\t\t<\/div>\n\t\t<\/div>\n\t\t\t\t\t<\/div>\n\t\t<\/section>\n\t\t\t\t<section class=\"elementor-section elementor-top-section elementor-element elementor-element-7c46efd5 elementor-section-full_width elementor-section-height-min-height elementor-section-height-default elementor-section-items-middle\" data-id=\"7c46efd5\" data-element_type=\"section\" data-settings=\"{&quot;background_background&quot;:&quot;slideshow&quot;,&quot;background_slideshow_gallery&quot;:[{&quot;id&quot;:3102,&quot;url&quot;:&quot;https:\\\/\\\/sionanobubble.com\\\/wp-content\\\/uploads\\\/2025\\\/04\\\/iStock-1410614344.jpg&quot;},{&quot;id&quot;:1431,&quot;url&quot;:&quot;https:\\\/\\\/sionanobubble.com\\\/wp-content\\\/uploads\\\/2023\\\/09\\\/About-Carousel-Image-2.png&quot;},{&quot;id&quot;:3106,&quot;url&quot;:&quot;https:\\\/\\\/sionanobubble.com\\\/wp-content\\\/uploads\\\/2025\\\/04\\\/iStock-1713234867.jpg&quot;}],&quot;background_slideshow_loop&quot;:&quot;yes&quot;,&quot;background_slideshow_slide_duration&quot;:5000,&quot;background_slideshow_slide_transition&quot;:&quot;fade&quot;,&quot;background_slideshow_transition_duration&quot;:500}\">\n\t\t\t\t\t\t<div class=\"elementor-container elementor-column-gap-default\">\n\t\t\t\t\t<div class=\"elementor-column elementor-col-100 elementor-top-column elementor-element elementor-element-4f7ba06f\" data-id=\"4f7ba06f\" data-element_type=\"column\">\n\t\t\t<div class=\"elementor-widget-wrap\">\n\t\t\t\t\t\t\t<\/div>\n\t\t<\/div>\n\t\t\t\t\t<\/div>\n\t\t<\/section>\n\t\t\t\t<\/div>\n\t\t","protected":false},"excerpt":{"rendered":"<p>\u00dcber uns Wer wir sind SIO ist ein innovatives Technologie-Lizenzierungs- und Produktionsunternehmen, das sich auf die Entwicklung und den Einsatz der Nanobubble-Technologie spezialisiert hat, um nachhaltige L\u00f6sungen anzubieten, die es der Industrie erm\u00f6glichen, die Produktion zu steigern, die Energiekosten zu senken und den Einsatz von Chemikalien zu reduzieren, ohne die Umwelt zu sch\u00e4digen. Los geht&#8217;s&#8230;<\/p>\n","protected":false},"author":1,"featured_media":0,"parent":0,"menu_order":0,"comment_status":"closed","ping_status":"closed","template":"elementor_header_footer","meta":{"inline_featured_image":false,"_kad_post_transparent":"","_kad_post_title":"","_kad_post_layout":"","_kad_post_sidebar_id":"","_kad_post_content_style":"","_kad_post_vertical_padding":"","_kad_post_feature":"","_kad_post_feature_position":"","_kad_post_header":false,"_kad_post_footer":false,"footnotes":""},"class_list":["post-2429","page","type-page","status-publish","hentry"],"_links":{"self":[{"href":"https:\/\/sionanobubble.com\/de\/wp-json\/wp\/v2\/pages\/2429","targetHints":{"allow":["GET"]}}],"collection":[{"href":"https:\/\/sionanobubble.com\/de\/wp-json\/wp\/v2\/pages"}],"about":[{"href":"https:\/\/sionanobubble.com\/de\/wp-json\/wp\/v2\/types\/page"}],"author":[{"embeddable":true,"href":"https:\/\/sionanobubble.com\/de\/wp-json\/wp\/v2\/users\/1"}],"replies":[{"embeddable":true,"href":"https:\/\/sionanobubble.com\/de\/wp-json\/wp\/v2\/comments?post=2429"}],"version-history":[{"count":3,"href":"https:\/\/sionanobubble.com\/de\/wp-json\/wp\/v2\/pages\/2429\/revisions"}],"predecessor-version":[{"id":3113,"href":"https:\/\/sionanobubble.com\/de\/wp-json\/wp\/v2\/pages\/2429\/revisions\/3113"}],"wp:attachment":[{"href":"https:\/\/sionanobubble.com\/de\/wp-json\/wp\/v2\/media?parent=2429"}],"curies":[{"name":"wp","href":"https:\/\/api.w.org\/{rel}","templated":true}]}}