{"id":2423,"date":"2023-01-26T06:21:01","date_gmt":"2023-01-26T06:21:01","guid":{"rendered":"https:\/\/sionanobubble.com\/datenschutzbestimmungen\/"},"modified":"2024-03-29T02:17:54","modified_gmt":"2024-03-29T02:17:54","slug":"datenschutzbestimmungen","status":"publish","type":"page","link":"https:\/\/sionanobubble.com\/de\/datenschutzbestimmungen\/","title":{"rendered":"Datenschutzbestimmungen"},"content":{"rendered":"\n<p>Bitte lesen Sie diese Datenschutzrichtlinie (die &#8220;Datenschutzrichtlinie&#8221;) sorgf\u00e4ltig durch, um zu verstehen, wie SIO USA, seine Tochtergesellschaften, Nachfolger und Bevollm\u00e4chtigten (zusammenfassend &#8220;SIO USA&#8221;, &#8220;unser&#8221;, &#8220;uns&#8221; oder &#8220;wir&#8221;) die Informationen, die wir von den Besuchern der Website http:\/\/sionanobubble.com und den Nutzern des SIO USA-Portals und der Systemintegrationen und Erweiterungs-Add-ons (zusammenfassend &#8220;Nutzer&#8221;) sammeln, verwendet und sch\u00fctzt.<br\/><br\/>Diese Datenschutzrichtlinie beschreibt unsere Richtlinien und Verfahren f\u00fcr die Erfassung, Verwendung und Offenlegung Ihrer Daten bei der Nutzung des Dienstes und informiert Sie \u00fcber Ihre Datenschutzrechte und den gesetzlichen Schutz Ihrer Daten.<\/p>\n\n<p>Wir verwenden Ihre pers\u00f6nlichen Daten, um den Dienst bereitzustellen und zu verbessern. Durch die Nutzung des Dienstes erkl\u00e4ren Sie sich mit der Erfassung und Nutzung von Informationen in \u00dcbereinstimmung mit dieser Datenschutzrichtlinie einverstanden.<\/p>\n\n<h3 class=\"wp-block-heading\"><strong>Sammlung und Verwendung von Informationen<\/strong><\/h3>\n\n<p>Um Ihnen die Nutzung unseres Dienstes zu erleichtern, k\u00f6nnen wir Sie bitten, uns bestimmte personenbezogene Daten mitzuteilen, einschlie\u00dflich, aber nicht beschr\u00e4nkt auf Ihren Namen, Ihre Telefonnummer und Ihre Postanschrift. Die von uns gesammelten Informationen werden verwendet, um Sie zu kontaktieren oder zu identifizieren.<\/p>\n\n<h3 class=\"wp-block-heading\"><strong>Protokolldaten<\/strong><\/h3>\n\n<p>Protokolldaten werden bei der Nutzung des Dienstes automatisch erfasst. Die Protokolldaten k\u00f6nnen Informationen wie die Internetprotokolladresse (z. B. IP-Adresse) Ihres Ger\u00e4ts, den Browsertyp, die Browserversion, die von Ihnen besuchten Seiten unseres Dienstes, die Uhrzeit und das Datum Ihres Besuchs, die auf diesen Seiten verbrachte Zeit, eindeutige Ger\u00e4tekennungen und andere Diagnosedaten enthalten.<\/p>\n\n<p>Wenn Sie mit oder \u00fcber ein mobiles Ger\u00e4t auf den Dienst zugreifen, k\u00f6nnen wir bestimmte Informationen automatisch erfassen, einschlie\u00dflich, aber nicht beschr\u00e4nkt auf die Art des von Ihnen verwendeten mobilen Ger\u00e4ts, die eindeutige ID Ihres mobilen Ger\u00e4ts, die IP-Adresse Ihres mobilen Ger\u00e4ts, Ihr mobiles Betriebssystem, die Art des von Ihnen verwendeten mobilen Internetbrowsers, eindeutige Ger\u00e4tekennungen und andere Diagnosedaten.<\/p>\n\n<p>Wir k\u00f6nnen auch Informationen erfassen, die Ihr Browser sendet, wenn Sie unseren Dienst besuchen oder wenn Sie \u00fcber ein mobiles Ger\u00e4t auf den Dienst zugreifen.<\/p>\n\n<h3 class=\"wp-block-heading\"><strong>Cookies<\/strong><\/h3>\n\n<p>Cookies sind Dateien mit kleinen Datenmengen, die \u00fcblicherweise als anonymer eindeutiger Identifikator verwendet werden. Diese werden von der Website, die Sie besuchen, an Ihren Browser gesendet und auf der Festplatte Ihres Computers gespeichert. Unsere Website verwendet diese &#8220;Cookies&#8221;, um Informationen zu sammeln und unseren Service zu verbessern. Sie haben die M\u00f6glichkeit, diese Cookies zu akzeptieren oder abzulehnen und zu erkennen, wenn ein Cookie an Ihren Computer gesendet wird. Wenn Sie sich entscheiden, unsere Cookies abzulehnen, k\u00f6nnen Sie m\u00f6glicherweise einige Teile unseres Dienstes nicht nutzen.<\/p>\n\n<h3 class=\"wp-block-heading\"><strong>Anbieter von Dienstleistungen<\/strong><\/h3>\n\n<p>Wir k\u00f6nnen aus den folgenden Gr\u00fcnden Drittunternehmen und Einzelpersonen besch\u00e4ftigen:<\/p>\n\n<ul class=\"wp-block-list\">\n<li>Um unseren Service zu erleichtern;<\/li>\n\n\n\n<li>Zur Bereitstellung des Dienstes in unserem Namen;<\/li>\n\n\n\n<li>um dienstbezogene Dienstleistungen zu erbringen; oder<\/li>\n\n\n\n<li>Um uns bei der Analyse der Nutzung unseres Dienstes zu unterst\u00fctzen.<\/li>\n<\/ul>\n\n<p>Wir m\u00f6chten die Nutzer unserer Dienste dar\u00fcber informieren, dass diese Dritten Zugang zu Ihren pers\u00f6nlichen Daten haben. Der Grund daf\u00fcr ist, dass sie die ihnen \u00fcbertragenen Aufgaben in unserem Namen ausf\u00fchren. Sie sind jedoch verpflichtet, die Informationen nicht weiterzugeben oder f\u00fcr andere Zwecke zu verwenden.<\/p>\n\n<h3 class=\"wp-block-heading\"><strong>Aufbewahrung Ihrer pers\u00f6nlichen Daten<\/strong><\/h3>\n\n<p>Das Unternehmen wird Ihre pers\u00f6nlichen Daten nur so lange aufbewahren, wie es f\u00fcr die in dieser Datenschutzrichtlinie genannten Zwecke erforderlich ist. Wir werden Ihre personenbezogenen Daten in dem Umfang aufbewahren und verwenden, der erforderlich ist, um unseren rechtlichen Verpflichtungen nachzukommen (z. B. wenn wir Ihre Daten aufbewahren m\u00fcssen, um geltende Gesetze einzuhalten), Streitigkeiten beizulegen und unsere rechtlichen Vereinbarungen und Richtlinien durchzusetzen.<\/p>\n\n<p>Das Unternehmen wird die Protokolldaten auch f\u00fcr interne Analysezwecke aufbewahren. Protokolldaten werden im Allgemeinen f\u00fcr einen k\u00fcrzeren Zeitraum aufbewahrt, es sei denn, diese Daten werden verwendet, um die Sicherheit oder die Funktionalit\u00e4t unseres Dienstes zu verbessern, oder wir sind gesetzlich verpflichtet, diese Daten f\u00fcr l\u00e4ngere Zeitr\u00e4ume aufzubewahren.<\/p>\n\n<h3 class=\"wp-block-heading\"><strong>\u00dcbermittlung Ihrer pers\u00f6nlichen Daten<\/strong><\/h3>\n\n<p>Ihre Informationen, einschlie\u00dflich personenbezogener Daten, werden in den Betriebsb\u00fcros des Unternehmens und an anderen Orten, an denen sich die an der Verarbeitung beteiligten Parteien befinden, verarbeitet. Das bedeutet, dass diese Informationen an Computer au\u00dferhalb Ihres Staates, Ihrer Provinz, Ihres Landes oder einer anderen staatlichen Gerichtsbarkeit, in der m\u00f6glicherweise andere Datenschutzgesetze gelten als in Ihrer Gerichtsbarkeit, \u00fcbertragen und dort gespeichert werden k\u00f6nnen.<\/p>\n\n<p>Mit Ihrer Zustimmung zu dieser Datenschutzrichtlinie und der anschlie\u00dfenden \u00dcbermittlung solcher Informationen erkl\u00e4ren Sie sich mit dieser \u00dcbertragung einverstanden.<\/p>\n\n<p>Das Unternehmen wird alle angemessenen Schritte unternehmen, um sicherzustellen, dass Ihre Daten sicher und in \u00dcbereinstimmung mit dieser Datenschutzrichtlinie behandelt werden, und es wird keine \u00dcbermittlung Ihrer pers\u00f6nlichen Daten an eine Organisation oder ein Land stattfinden, es sei denn, es sind angemessene Kontrollen vorhanden, die die Sicherheit Ihrer Daten und anderer pers\u00f6nlicher Informationen umfassen.<\/p>\n\n<h3 class=\"wp-block-heading\"><strong>L\u00f6schen Sie Ihre pers\u00f6nlichen Daten<\/strong><\/h3>\n\n<p>Sie k\u00f6nnen sich mit uns in Verbindung setzen, um pers\u00f6nliche Daten, die Sie uns zur Verf\u00fcgung gestellt haben, zu korrigieren oder zu l\u00f6schen.<\/p>\n\n<p>Bitte beachten Sie jedoch, dass wir bestimmte Informationen m\u00f6glicherweise aufbewahren m\u00fcssen, wenn wir dazu gesetzlich verpflichtet sind oder eine gesetzliche Grundlage haben.<\/p>\n\n<h3 class=\"wp-block-heading\"><strong>Offenlegung Ihrer pers\u00f6nlichen Daten<\/strong><\/h3>\n\n<p>Gesch\u00e4ftsvorf\u00e4lle<br\/>Wenn das Unternehmen an einer Fusion, einer \u00dcbernahme oder einem Verkauf von Verm\u00f6genswerten beteiligt ist, k\u00f6nnen Ihre pers\u00f6nlichen Daten \u00fcbertragen werden. Wir werden Sie informieren, bevor Ihre pers\u00f6nlichen Daten \u00fcbertragen werden und einer anderen Datenschutzrichtlinie unterliegen.<\/p>\n\n<p>Strafverfolgung<br\/>Unter bestimmten Umst\u00e4nden kann das Unternehmen verpflichtet sein, Ihre pers\u00f6nlichen Daten offen zu legen, wenn dies gesetzlich vorgeschrieben ist oder als Reaktion auf berechtigte Anfragen von Beh\u00f6rden (z. B. einem Gericht oder einer Regierungsbeh\u00f6rde).<\/p>\n\n<p>Sonstige rechtliche Anforderungen<br\/>Das Unternehmen kann Ihre pers\u00f6nlichen Daten in gutem Glauben offenlegen, dass eine solche Ma\u00dfnahme notwendig ist, um:<\/p>\n\n<ul class=\"wp-block-list\">\n<li>einer gesetzlichen Verpflichtung nachkommen.<\/li>\n\n\n\n<li>Schutz und Verteidigung der Rechte und des Eigentums des Unternehmens.<\/li>\n\n\n\n<li>Verhinderung oder Untersuchung von m\u00f6glichem Fehlverhalten im Zusammenhang mit dem Dienst.<\/li>\n\n\n\n<li>Schutz der pers\u00f6nlichen Sicherheit der Nutzer des Dienstes oder der \u00d6ffentlichkeit.<\/li>\n\n\n\n<li>Schutz vor rechtlicher Haftung.<\/li>\n<\/ul>\n\n<h3 class=\"wp-block-heading\"><strong>Sicherheit Ihrer pers\u00f6nlichen Daten<\/strong><\/h3>\n\n<p>Die Sicherheit Ihrer pers\u00f6nlichen Daten ist uns wichtig, aber bitte bedenken Sie, dass keine Methode der \u00dcbertragung \u00fcber das Internet oder der elektronischen Speicherung 100% sicher ist. Obwohl wir uns bem\u00fchen, Ihre pers\u00f6nlichen Daten mit wirtschaftlich vertretbaren Mitteln zu sch\u00fctzen, k\u00f6nnen wir ihre absolute Sicherheit nicht garantieren.<\/p>\n\n<h3 class=\"wp-block-heading\"><strong>Links zu anderen Websites<\/strong><\/h3>\n\n<p>Unser Service kann Links zu anderen Websites enthalten, die nicht von uns betrieben werden. Wenn Sie auf einen Link eines Drittanbieters klicken, werden Sie auf die Website dieses Drittanbieters weitergeleitet. Wir empfehlen Ihnen dringend, die Datenschutzrichtlinien jeder Website, die Sie besuchen, zu lesen.<\/p>\n\n<p>Wir haben keine Kontrolle \u00fcber und \u00fcbernehmen keine Verantwortung f\u00fcr den Inhalt, die Datenschutzrichtlinien oder Praktiken von Websites oder Diensten Dritter.<\/p>\n\n<h3 class=\"wp-block-heading\"><strong>Datenschutz f\u00fcr Kinder<\/strong><\/h3>\n\n<p>Unsere Dienste richten sich nicht an Personen unter 13 Jahren. Wir sammeln nicht wissentlich personenbezogene Daten von Kindern unter 13 Jahren. Sollten wir feststellen, dass ein Kind unter 13 Jahren uns pers\u00f6nliche Daten zur Verf\u00fcgung gestellt hat, l\u00f6schen wir diese sofort von unseren Servern. Wenn Sie ein Elternteil oder Erziehungsberechtigter sind und wissen, dass Ihr Kind uns personenbezogene Daten zur Verf\u00fcgung gestellt hat, nehmen Sie bitte Kontakt mit uns auf, damit wir die notwendigen Ma\u00dfnahmen ergreifen k\u00f6nnen.<\/p>\n\n<h3 class=\"wp-block-heading\"><strong>\u00c4nderungen an dieser Datenschutzrichtlinie<\/strong><\/h3>\n\n<p>Wir k\u00f6nnen unsere Datenschutzrichtlinie von Zeit zu Zeit aktualisieren. Wir empfehlen Ihnen daher, diese Seite regelm\u00e4\u00dfig auf \u00c4nderungen zu \u00fcberpr\u00fcfen. Wir werden Sie \u00fcber alle \u00c4nderungen informieren, indem wir die neue Datenschutzrichtlinie auf dieser Seite ver\u00f6ffentlichen. Diese \u00c4nderungen treten sofort in Kraft, nachdem sie auf dieser Seite ver\u00f6ffentlicht wurden.<\/p>\n\n<h3 class=\"wp-block-heading\"><strong>Kontakt<\/strong><\/h3>\n\n<p>Wenn Sie Fragen zu dieser Datenschutzrichtlinie haben, k\u00f6nnen Sie sich an uns wenden:<\/p>\n\n<ul class=\"wp-block-list\">\n<li>Per E-Mail: info@sionanobubble.com<\/li>\n<\/ul>\n","protected":false},"excerpt":{"rendered":"<p>Bitte lesen Sie diese Datenschutzrichtlinie (die &#8220;Datenschutzrichtlinie&#8221;) sorgf\u00e4ltig durch, um zu verstehen, wie SIO USA, seine Tochtergesellschaften, Nachfolger und Bevollm\u00e4chtigten (zusammenfassend &#8220;SIO USA&#8221;, &#8220;unser&#8221;, &#8220;uns&#8221; oder &#8220;wir&#8221;) die Informationen, die wir von den Besuchern der Website http:\/\/sionanobubble.com und den Nutzern des SIO USA-Portals und der Systemintegrationen und Erweiterungs-Add-ons (zusammenfassend &#8220;Nutzer&#8221;) sammeln, verwendet und sch\u00fctzt. Diese&#8230;<\/p>\n","protected":false},"author":1,"featured_media":0,"parent":0,"menu_order":0,"comment_status":"closed","ping_status":"closed","template":"","meta":{"inline_featured_image":false,"_kad_post_transparent":"","_kad_post_title":"","_kad_post_layout":"","_kad_post_sidebar_id":"","_kad_post_content_style":"","_kad_post_vertical_padding":"","_kad_post_feature":"","_kad_post_feature_position":"","_kad_post_header":false,"_kad_post_footer":false,"footnotes":""},"class_list":["post-2423","page","type-page","status-publish","hentry"],"_links":{"self":[{"href":"https:\/\/sionanobubble.com\/de\/wp-json\/wp\/v2\/pages\/2423","targetHints":{"allow":["GET"]}}],"collection":[{"href":"https:\/\/sionanobubble.com\/de\/wp-json\/wp\/v2\/pages"}],"about":[{"href":"https:\/\/sionanobubble.com\/de\/wp-json\/wp\/v2\/types\/page"}],"author":[{"embeddable":true,"href":"https:\/\/sionanobubble.com\/de\/wp-json\/wp\/v2\/users\/1"}],"replies":[{"embeddable":true,"href":"https:\/\/sionanobubble.com\/de\/wp-json\/wp\/v2\/comments?post=2423"}],"version-history":[{"count":1,"href":"https:\/\/sionanobubble.com\/de\/wp-json\/wp\/v2\/pages\/2423\/revisions"}],"predecessor-version":[{"id":2427,"href":"https:\/\/sionanobubble.com\/de\/wp-json\/wp\/v2\/pages\/2423\/revisions\/2427"}],"wp:attachment":[{"href":"https:\/\/sionanobubble.com\/de\/wp-json\/wp\/v2\/media?parent=2423"}],"curies":[{"name":"wp","href":"https:\/\/api.w.org\/{rel}","templated":true}]}}